{"id":1182,"date":"2021-08-02T15:18:47","date_gmt":"2021-08-02T12:18:47","guid":{"rendered":"https:\/\/helpautism.ro\/shop\/?post_type=product&#038;p=1182"},"modified":"2026-03-21T08:58:40","modified_gmt":"2026-03-21T06:58:40","slug":"jucaria-vis-poezii-copii-fineta-bloju","status":"publish","type":"product","link":"https:\/\/helpautism.ro\/shop\/produs\/jucaria-vis-poezii-copii-fineta-bloju\/","title":{"rendered":"Juc\u0103ria de vis"},"content":{"rendered":"<p>[vc_row][vc_column width=&#8221;1\/2&#8243;]<div class=\"icon_box icon_position_top no_border\"><div class=\"icon_wrapper\"><div class=\"icon\"><i class=\"icon-book\" aria-hidden=\"true\"><\/i><\/div><\/div><div class=\"desc_wrapper\"><div class=\"desc\"><b>80 pagini<\/b><br \/>\n<b>Soft cover<\/b><br \/>\n<b>ISBN<\/b>9 78-606-95042-5-3<\/div><\/div><\/div>\n[\/vc_column][vc_column width=&#8221;1\/2&#8243;]<div class=\"icon_box icon_position_top no_border\"><div class=\"icon_wrapper\"><div class=\"icon\"><i class=\"icon-lamp\" aria-hidden=\"true\"><\/i><\/div><\/div><div class=\"desc_wrapper\"><div class=\"desc\"><b>Ilustra\u021bii \u0219i copert\u0103:<\/b> Claudia Pascu<br \/>\n<b>Coordonare editorial\u0103:<\/b> Doru Some\u0219an<br \/>\n<b>Proiect \u00eengrijit de:<\/b> Raluca Bogdan<br \/>\n<b>Corectur\u0103:<\/b> Du\u0219a Udrea Boborel<br \/>\n<b>DTP:<\/b> R\u0103zvan Nasea<br \/>\n<\/div><\/div><\/div>\n[\/vc_column][\/vc_row]<\/p>\n","protected":false},"excerpt":{"rendered":"<p><strong>Poezii cu rime pentru cei mici &#8211; Fineta Bloju<\/strong><\/p>\n<p>Fineta Bloju este pentru noi to\u0163i buna Eta. Bunica lui M\u0103lin, cel care a inspirat povestea Help Autism, a scris toata via\u0163a ei poezii. Prima poezie a fost ar\u0103tat\u0103 la Gazeta de perete prin gimnaziu, dup\u0103 care nici fetele ei n-au mai v\u0103zut rimele ei. \u00abErau pentru inima mea. Nu coseam, nu cro\u015fetam, ci scriam.\u00bb, spune Eta, care a transformat orice inspira\u0163ie sau \u00eent\u00e2mplare, \u00eentr-un vers sau o rim\u0103. Dup\u0103 ce a ie\u015fit la pensie, n-a stat locului, a fost bona a 12 copii pe care i-a \u00eenv\u0103\u0163at s\u0103 iubeasc\u0103 poezia \u015fi i-a \u00eencurajat s\u0103 scrie. Juc\u0103ria de vis este cadoul ei pentru to\u0163i copiii care vor s\u0103 se joace un pic \u015fi cu limba rom\u00e2n\u0103.<\/p>\n<p>Aceast\u0103 carte apare ca o extensie a colec\u0163iei AHA Books pentru a ajuta copiii cu autism s\u0103 fie prietenii copiilor tipici. Fondurile str\u00e2nse din v\u00e2nzarea c\u0103r\u0163ii vor acoperi costurile pentru excursii mixte \/ unor aventuri tr\u0103ite \u00eempreun\u0103.<\/p>\n","protected":false},"featured_media":1183,"comment_status":"open","ping_status":"closed","template":"","meta":{"content-type":""},"product_brand":[],"product_cat":[19],"product_tag":[34,35],"class_list":{"0":"post-1182","1":"product","2":"type-product","3":"status-publish","4":"has-post-thumbnail","6":"product_cat-aha-books","7":"product_tag-autism","8":"product_tag-parenting","10":"first","11":"instock","12":"taxable","13":"shipping-taxable","14":"purchasable","15":"product-type-simple"},"yoast_head":"<!-- This site is optimized with the Yoast SEO plugin v27.1 - https:\/\/yoast.com\/product\/yoast-seo-wordpress\/ -->\n<title>Juc\u0103ria de vis - AHAShop<\/title>\n<meta name=\"description\" content=\"Scris\u0103 de Jessie Hewitson, jurnalist premiat la revista The Times, Autism. Cum s\u0103 cre\u0219ti fericit un copil cu autism este cartea pe care \u0219i-ar fi dorit s-o citeasc\u0103 atunci c\u00e2nd fiul s\u0103u a primit diagnostic din spectrul autist.Cartea combin\u0103 experien\u021bele personale cu trucuri de la adul\u021bi cu autism, al\u021bi p\u0103rin\u021bi, precum \u0219i sfaturi de la profesioni\u0219ti \u00een acest domeniu.\" \/>\n<meta name=\"robots\" content=\"index, follow, max-snippet:-1, max-image-preview:large, max-video-preview:-1\" \/>\n<link rel=\"canonical\" href=\"https:\/\/helpautism.ro\/shop\/produs\/jucaria-vis-poezii-copii-fineta-bloju\/\" \/>\n<meta property=\"og:locale\" content=\"ro_RO\" \/>\n<meta property=\"og:type\" content=\"article\" \/>\n<meta property=\"og:title\" content=\"Juc\u0103ria de vis - AHAShop\" \/>\n<meta property=\"og:description\" content=\"Scris\u0103 de Jessie Hewitson, jurnalist premiat la revista The Times, Autism. Cum s\u0103 cre\u0219ti fericit un copil cu autism este cartea pe care \u0219i-ar fi dorit s-o citeasc\u0103 atunci c\u00e2nd fiul s\u0103u a primit diagnostic din spectrul autist.Cartea combin\u0103 experien\u021bele personale cu trucuri de la adul\u021bi cu autism, al\u021bi p\u0103rin\u021bi, precum \u0219i sfaturi de la profesioni\u0219ti \u00een acest domeniu.\" \/>\n<meta property=\"og:url\" content=\"https:\/\/helpautism.ro\/shop\/produs\/jucaria-vis-poezii-copii-fineta-bloju\/\" \/>\n<meta property=\"og:site_name\" content=\"AHAShop\" \/>\n<meta property=\"article:modified_time\" content=\"2026-03-21T06:58:40+00:00\" \/>\n<meta property=\"og:image\" content=\"https:\/\/helpautism.ro\/shop\/wp-content\/uploads\/2021\/08\/AHA-Books-Jucaria-de-vis-Fineta-Bloju-1024x683.png\" \/>\n\t<meta property=\"og:image:width\" content=\"1024\" \/>\n\t<meta property=\"og:image:height\" content=\"683\" \/>\n\t<meta property=\"og:image:type\" content=\"image\/png\" \/>\n<meta name=\"twitter:card\" content=\"summary_large_image\" \/>\n<meta name=\"twitter:label1\" content=\"Timp estimat pentru citire\" \/>\n\t<meta name=\"twitter:data1\" content=\"1 minut\" \/>\n<script type=\"application\/ld+json\" class=\"yoast-schema-graph\">{\"@context\":\"https:\/\/schema.org\",\"@graph\":[{\"@type\":\"WebPage\",\"@id\":\"https:\/\/helpautism.ro\/shop\/produs\/jucaria-vis-poezii-copii-fineta-bloju\/\",\"url\":\"https:\/\/helpautism.ro\/shop\/produs\/jucaria-vis-poezii-copii-fineta-bloju\/\",\"name\":\"Juc\u0103ria de vis - AHAShop\",\"isPartOf\":{\"@id\":\"https:\/\/helpautism.ro\/shop\/#website\"},\"primaryImageOfPage\":{\"@id\":\"https:\/\/helpautism.ro\/shop\/produs\/jucaria-vis-poezii-copii-fineta-bloju\/#primaryimage\"},\"image\":{\"@id\":\"https:\/\/helpautism.ro\/shop\/produs\/jucaria-vis-poezii-copii-fineta-bloju\/#primaryimage\"},\"thumbnailUrl\":\"https:\/\/helpautism.ro\/shop\/wp-content\/uploads\/2021\/08\/AHA-Books-Jucaria-de-vis-Fineta-Bloju.png\",\"datePublished\":\"2021-08-02T12:18:47+00:00\",\"dateModified\":\"2026-03-21T06:58:40+00:00\",\"description\":\"Scris\u0103 de Jessie Hewitson, jurnalist premiat la revista The Times, Autism. Cum s\u0103 cre\u0219ti fericit un copil cu autism este cartea pe care \u0219i-ar fi dorit s-o citeasc\u0103 atunci c\u00e2nd fiul s\u0103u a primit diagnostic din spectrul autist.Cartea combin\u0103 experien\u021bele personale cu trucuri de la adul\u021bi cu autism, al\u021bi p\u0103rin\u021bi, precum \u0219i sfaturi de la profesioni\u0219ti \u00een acest domeniu.\",\"breadcrumb\":{\"@id\":\"https:\/\/helpautism.ro\/shop\/produs\/jucaria-vis-poezii-copii-fineta-bloju\/#breadcrumb\"},\"inLanguage\":\"ro-RO\",\"potentialAction\":[{\"@type\":\"ReadAction\",\"target\":[\"https:\/\/helpautism.ro\/shop\/produs\/jucaria-vis-poezii-copii-fineta-bloju\/\"]}]},{\"@type\":\"ImageObject\",\"inLanguage\":\"ro-RO\",\"@id\":\"https:\/\/helpautism.ro\/shop\/produs\/jucaria-vis-poezii-copii-fineta-bloju\/#primaryimage\",\"url\":\"https:\/\/helpautism.ro\/shop\/wp-content\/uploads\/2021\/08\/AHA-Books-Jucaria-de-vis-Fineta-Bloju.png\",\"contentUrl\":\"https:\/\/helpautism.ro\/shop\/wp-content\/uploads\/2021\/08\/AHA-Books-Jucaria-de-vis-Fineta-Bloju.png\",\"width\":4000,\"height\":2667},{\"@type\":\"BreadcrumbList\",\"@id\":\"https:\/\/helpautism.ro\/shop\/produs\/jucaria-vis-poezii-copii-fineta-bloju\/#breadcrumb\",\"itemListElement\":[{\"@type\":\"ListItem\",\"position\":1,\"name\":\"Prima pagin\u0103\",\"item\":\"https:\/\/helpautism.ro\/shop\/\"},{\"@type\":\"ListItem\",\"position\":2,\"name\":\"MAGAZIN\",\"item\":\"https:\/\/helpautism.ro\/shop\/magazin\/\"},{\"@type\":\"ListItem\",\"position\":3,\"name\":\"Juc\u0103ria de vis\"}]},{\"@type\":\"WebSite\",\"@id\":\"https:\/\/helpautism.ro\/shop\/#website\",\"url\":\"https:\/\/helpautism.ro\/shop\/\",\"name\":\"AHAShop\",\"description\":\"Orice copil merita sansa la recuperare si orice parinte merita sprijin, fiindca niciunul dintre ei nu poarta vina existentei autismului in viata lor.\",\"publisher\":{\"@id\":\"https:\/\/helpautism.ro\/shop\/#organization\"},\"potentialAction\":[{\"@type\":\"SearchAction\",\"target\":{\"@type\":\"EntryPoint\",\"urlTemplate\":\"https:\/\/helpautism.ro\/shop\/?s={search_term_string}\"},\"query-input\":{\"@type\":\"PropertyValueSpecification\",\"valueRequired\":true,\"valueName\":\"search_term_string\"}}],\"inLanguage\":\"ro-RO\"},{\"@type\":\"Organization\",\"@id\":\"https:\/\/helpautism.ro\/shop\/#organization\",\"name\":\"AHAShop\",\"url\":\"https:\/\/helpautism.ro\/shop\/\",\"logo\":{\"@type\":\"ImageObject\",\"inLanguage\":\"ro-RO\",\"@id\":\"https:\/\/helpautism.ro\/shop\/#\/schema\/logo\/image\/\",\"url\":\"https:\/\/helpautism.ro\/shop\/wp-content\/uploads\/2020\/10\/cropped-AHA_BOOKS_AHA_black.png\",\"contentUrl\":\"https:\/\/helpautism.ro\/shop\/wp-content\/uploads\/2020\/10\/cropped-AHA_BOOKS_AHA_black.png\",\"width\":376,\"height\":329,\"caption\":\"AHAShop\"},\"image\":{\"@id\":\"https:\/\/helpautism.ro\/shop\/#\/schema\/logo\/image\/\"}}]}<\/script>\n<!-- \/ Yoast SEO plugin. -->","yoast_head_json":{"title":"Juc\u0103ria de vis - AHAShop","description":"Scris\u0103 de Jessie Hewitson, jurnalist premiat la revista The Times, Autism. Cum s\u0103 cre\u0219ti fericit un copil cu autism este cartea pe care \u0219i-ar fi dorit s-o citeasc\u0103 atunci c\u00e2nd fiul s\u0103u a primit diagnostic din spectrul autist.Cartea combin\u0103 experien\u021bele personale cu trucuri de la adul\u021bi cu autism, al\u021bi p\u0103rin\u021bi, precum \u0219i sfaturi de la profesioni\u0219ti \u00een acest domeniu.","robots":{"index":"index","follow":"follow","max-snippet":"max-snippet:-1","max-image-preview":"max-image-preview:large","max-video-preview":"max-video-preview:-1"},"canonical":"https:\/\/helpautism.ro\/shop\/produs\/jucaria-vis-poezii-copii-fineta-bloju\/","og_locale":"ro_RO","og_type":"article","og_title":"Juc\u0103ria de vis - AHAShop","og_description":"Scris\u0103 de Jessie Hewitson, jurnalist premiat la revista The Times, Autism. Cum s\u0103 cre\u0219ti fericit un copil cu autism este cartea pe care \u0219i-ar fi dorit s-o citeasc\u0103 atunci c\u00e2nd fiul s\u0103u a primit diagnostic din spectrul autist.Cartea combin\u0103 experien\u021bele personale cu trucuri de la adul\u021bi cu autism, al\u021bi p\u0103rin\u021bi, precum \u0219i sfaturi de la profesioni\u0219ti \u00een acest domeniu.","og_url":"https:\/\/helpautism.ro\/shop\/produs\/jucaria-vis-poezii-copii-fineta-bloju\/","og_site_name":"AHAShop","article_modified_time":"2026-03-21T06:58:40+00:00","og_image":[{"width":1024,"height":683,"url":"https:\/\/helpautism.ro\/shop\/wp-content\/uploads\/2021\/08\/AHA-Books-Jucaria-de-vis-Fineta-Bloju-1024x683.png","type":"image\/png"}],"twitter_card":"summary_large_image","twitter_misc":{"Timp estimat pentru citire":"1 minut"},"schema":{"@context":"https:\/\/schema.org","@graph":[{"@type":"WebPage","@id":"https:\/\/helpautism.ro\/shop\/produs\/jucaria-vis-poezii-copii-fineta-bloju\/","url":"https:\/\/helpautism.ro\/shop\/produs\/jucaria-vis-poezii-copii-fineta-bloju\/","name":"Juc\u0103ria de vis - AHAShop","isPartOf":{"@id":"https:\/\/helpautism.ro\/shop\/#website"},"primaryImageOfPage":{"@id":"https:\/\/helpautism.ro\/shop\/produs\/jucaria-vis-poezii-copii-fineta-bloju\/#primaryimage"},"image":{"@id":"https:\/\/helpautism.ro\/shop\/produs\/jucaria-vis-poezii-copii-fineta-bloju\/#primaryimage"},"thumbnailUrl":"https:\/\/helpautism.ro\/shop\/wp-content\/uploads\/2021\/08\/AHA-Books-Jucaria-de-vis-Fineta-Bloju.png","datePublished":"2021-08-02T12:18:47+00:00","dateModified":"2026-03-21T06:58:40+00:00","description":"Scris\u0103 de Jessie Hewitson, jurnalist premiat la revista The Times, Autism. Cum s\u0103 cre\u0219ti fericit un copil cu autism este cartea pe care \u0219i-ar fi dorit s-o citeasc\u0103 atunci c\u00e2nd fiul s\u0103u a primit diagnostic din spectrul autist.Cartea combin\u0103 experien\u021bele personale cu trucuri de la adul\u021bi cu autism, al\u021bi p\u0103rin\u021bi, precum \u0219i sfaturi de la profesioni\u0219ti \u00een acest domeniu.","breadcrumb":{"@id":"https:\/\/helpautism.ro\/shop\/produs\/jucaria-vis-poezii-copii-fineta-bloju\/#breadcrumb"},"inLanguage":"ro-RO","potentialAction":[{"@type":"ReadAction","target":["https:\/\/helpautism.ro\/shop\/produs\/jucaria-vis-poezii-copii-fineta-bloju\/"]}]},{"@type":"ImageObject","inLanguage":"ro-RO","@id":"https:\/\/helpautism.ro\/shop\/produs\/jucaria-vis-poezii-copii-fineta-bloju\/#primaryimage","url":"https:\/\/helpautism.ro\/shop\/wp-content\/uploads\/2021\/08\/AHA-Books-Jucaria-de-vis-Fineta-Bloju.png","contentUrl":"https:\/\/helpautism.ro\/shop\/wp-content\/uploads\/2021\/08\/AHA-Books-Jucaria-de-vis-Fineta-Bloju.png","width":4000,"height":2667},{"@type":"BreadcrumbList","@id":"https:\/\/helpautism.ro\/shop\/produs\/jucaria-vis-poezii-copii-fineta-bloju\/#breadcrumb","itemListElement":[{"@type":"ListItem","position":1,"name":"Prima pagin\u0103","item":"https:\/\/helpautism.ro\/shop\/"},{"@type":"ListItem","position":2,"name":"MAGAZIN","item":"https:\/\/helpautism.ro\/shop\/magazin\/"},{"@type":"ListItem","position":3,"name":"Juc\u0103ria de vis"}]},{"@type":"WebSite","@id":"https:\/\/helpautism.ro\/shop\/#website","url":"https:\/\/helpautism.ro\/shop\/","name":"AHAShop","description":"Orice copil merita sansa la recuperare si orice parinte merita sprijin, fiindca niciunul dintre ei nu poarta vina existentei autismului in viata lor.","publisher":{"@id":"https:\/\/helpautism.ro\/shop\/#organization"},"potentialAction":[{"@type":"SearchAction","target":{"@type":"EntryPoint","urlTemplate":"https:\/\/helpautism.ro\/shop\/?s={search_term_string}"},"query-input":{"@type":"PropertyValueSpecification","valueRequired":true,"valueName":"search_term_string"}}],"inLanguage":"ro-RO"},{"@type":"Organization","@id":"https:\/\/helpautism.ro\/shop\/#organization","name":"AHAShop","url":"https:\/\/helpautism.ro\/shop\/","logo":{"@type":"ImageObject","inLanguage":"ro-RO","@id":"https:\/\/helpautism.ro\/shop\/#\/schema\/logo\/image\/","url":"https:\/\/helpautism.ro\/shop\/wp-content\/uploads\/2020\/10\/cropped-AHA_BOOKS_AHA_black.png","contentUrl":"https:\/\/helpautism.ro\/shop\/wp-content\/uploads\/2020\/10\/cropped-AHA_BOOKS_AHA_black.png","width":376,"height":329,"caption":"AHAShop"},"image":{"@id":"https:\/\/helpautism.ro\/shop\/#\/schema\/logo\/image\/"}}]}},"_links":{"self":[{"href":"https:\/\/helpautism.ro\/shop\/wp-json\/wp\/v2\/product\/1182","targetHints":{"allow":["GET"]}}],"collection":[{"href":"https:\/\/helpautism.ro\/shop\/wp-json\/wp\/v2\/product"}],"about":[{"href":"https:\/\/helpautism.ro\/shop\/wp-json\/wp\/v2\/types\/product"}],"replies":[{"embeddable":true,"href":"https:\/\/helpautism.ro\/shop\/wp-json\/wp\/v2\/comments?post=1182"}],"wp:featuredmedia":[{"embeddable":true,"href":"https:\/\/helpautism.ro\/shop\/wp-json\/wp\/v2\/media\/1183"}],"wp:attachment":[{"href":"https:\/\/helpautism.ro\/shop\/wp-json\/wp\/v2\/media?parent=1182"}],"wp:term":[{"taxonomy":"product_brand","embeddable":true,"href":"https:\/\/helpautism.ro\/shop\/wp-json\/wp\/v2\/product_brand?post=1182"},{"taxonomy":"product_cat","embeddable":true,"href":"https:\/\/helpautism.ro\/shop\/wp-json\/wp\/v2\/product_cat?post=1182"},{"taxonomy":"product_tag","embeddable":true,"href":"https:\/\/helpautism.ro\/shop\/wp-json\/wp\/v2\/product_tag?post=1182"}],"curies":[{"name":"wp","href":"https:\/\/api.w.org\/{rel}","templated":true}]}}