{"id":1308,"date":"2021-10-13T13:30:52","date_gmt":"2021-10-13T10:30:52","guid":{"rendered":"https:\/\/helpautism.ro\/shop\/?post_type=product&#038;p=1308"},"modified":"2026-04-15T14:45:55","modified_gmt":"2026-04-15T11:45:55","slug":"cum-sa-traiesti-o-viata-implinita-cu-autism-90-de-activitati-katie-cook","status":"publish","type":"product","link":"https:\/\/helpautism.ro\/shop\/produs\/cum-sa-traiesti-o-viata-implinita-cu-autism-90-de-activitati-katie-cook\/","title":{"rendered":"Cum s\u0103 tr\u0103ie\u0219ti o via\u021b\u0103 \u00eemplinit\u0103 cu autism"},"content":{"rendered":"<p>[vc_row][vc_column width=&#8221;1\/2&#8243;][vc_column_text]<\/p>\n<h3>Despre autori<\/h3>\n<p><strong><span class=\"TextRun SCXW103026992 BCX4\" lang=\"EN-US\" xml:lang=\"EN-US\" data-contrast=\"none\"><span class=\"NormalTextRun SCXW103026992 BCX4\">Katie Cook<\/span><\/span><\/strong><span class=\"TextRun SCXW103026992 BCX4\" lang=\"EN-US\" xml:lang=\"EN-US\" data-contrast=\"none\"><span class=\"NormalTextRun SCXW103026992 BCX4\">, master <\/span><span class=\"NormalTextRun SpellingErrorV2 SCXW103026992 BCX4\">\u00een<\/span> <span class=\"NormalTextRun SpellingErrorV2 SCXW103026992 BCX4\">educa\u021bie<\/span><span class=\"NormalTextRun SCXW103026992 BCX4\">, <\/span><span class=\"NormalTextRun SpellingErrorV2 SCXW103026992 BCX4\">analist<\/span> <span class=\"NormalTextRun SpellingErrorV2 SCXW103026992 BCX4\">comportamental<\/span> <span class=\"NormalTextRun SpellingErrorV2 SCXW103026992 BCX4\">certificat<\/span><span class=\"NormalTextRun SCXW103026992 BCX4\">, <\/span><span class=\"NormalTextRun SpellingErrorV2 SCXW103026992 BCX4\">\u0219i<\/span><span class=\"NormalTextRun SCXW103026992 BCX4\">-a <\/span><span class=\"NormalTextRun SpellingErrorV2 SCXW103026992 BCX4\">dedicat<\/span> <span class=\"NormalTextRun SpellingErrorV2 SCXW103026992 BCX4\">cariera<\/span> <span class=\"NormalTextRun SpellingErrorV2 SCXW103026992 BCX4\">\u00eencerc\u0103rii<\/span><span class=\"NormalTextRun SCXW103026992 BCX4\"> de <\/span><span class=\"NormalTextRun ContextualSpellingAndGrammarErrorV2 SCXW103026992 BCX4\">a<\/span> <span class=\"NormalTextRun SpellingErrorV2 SCXW103026992 BCX4\">ajuta<\/span> <span class=\"NormalTextRun SpellingErrorV2 SCXW103026992 BCX4\">copiii<\/span><span class=\"NormalTextRun SCXW103026992 BCX4\"> cu autism <\/span><span class=\"NormalTextRun SpellingErrorV2 SCXW103026992 BCX4\">s\u0103-\u0219i<\/span> <span class=\"NormalTextRun SpellingErrorV2 SCXW103026992 BCX4\">g\u0103seasc\u0103<\/span> <span class=\"NormalTextRun SpellingErrorV2 SCXW103026992 BCX4\">fericirea<\/span> <span class=\"NormalTextRun SpellingErrorV2 SCXW103026992 BCX4\">\u00een<\/span> <span class=\"NormalTextRun SpellingErrorV2 SCXW103026992 BCX4\">via\u021b\u0103<\/span><span class=\"NormalTextRun SCXW103026992 BCX4\">. Este <\/span><span class=\"NormalTextRun SpellingErrorV2 SCXW103026992 BCX4\">pasionat\u0103<\/span><span class=\"NormalTextRun SCXW103026992 BCX4\"> de <\/span><span class=\"NormalTextRun SpellingErrorV2 SCXW103026992 BCX4\">educa\u021bia<\/span> <span class=\"NormalTextRun SpellingErrorV2 SCXW103026992 BCX4\">parental\u0103<\/span> <span class=\"NormalTextRun SpellingErrorV2 SCXW103026992 BCX4\">\u0219i<\/span> <span class=\"NormalTextRun SpellingErrorV2 SCXW103026992 BCX4\">implicarea<\/span> <span class=\"NormalTextRun SpellingErrorV2 SCXW103026992 BCX4\">\u00eengrijitorilor<\/span><span class=\"NormalTextRun SCXW103026992 BCX4\"> \u2013 <\/span><span class=\"NormalTextRun SpellingErrorV2 SCXW103026992 BCX4\">pietrele<\/span><span class=\"NormalTextRun SCXW103026992 BCX4\"> de <\/span><span class=\"NormalTextRun SpellingErrorV2 SCXW103026992 BCX4\">temelie<\/span><span class=\"NormalTextRun SCXW103026992 BCX4\"> ale <\/span><span class=\"NormalTextRun SpellingErrorV2 SCXW103026992 BCX4\">oric\u0103rui<\/span><span class=\"NormalTextRun SCXW103026992 BCX4\"> program de <\/span><span class=\"NormalTextRun SpellingErrorV2 SCXW103026992 BCX4\">analiz\u0103<\/span> <span class=\"NormalTextRun SpellingErrorV2 SCXW103026992 BCX4\">comportamental\u0103<\/span> <span class=\"NormalTextRun SpellingErrorV2 SCXW103026992 BCX4\">aplicat\u0103<\/span><span class=\"NormalTextRun SCXW103026992 BCX4\"> (ABA).<\/span> <\/span>[\/vc_column_text][\/vc_column][vc_column width=&#8221;1\/2&#8243;][vc_empty_space height=&#8221;20px&#8221;][vc_single_image image=&#8221;1310&#8243; img_size=&#8221;medium&#8221;][\/vc_column][\/vc_row][vc_row][vc_column width=&#8221;1\/2&#8243;]<div class=\"icon_box icon_position_top no_border\"><div class=\"icon_wrapper\"><div class=\"icon\"><i class=\"icon-book\" aria-hidden=\"true\"><\/i><\/div><\/div><div class=\"desc_wrapper\"><div class=\"desc\"><b>176 pagini<\/b><br \/>\n<b>Soft cover, l\u0103cuire selectiv\u0103<\/b><br \/>\n<b>ISBN<\/b>978-606-95042-6-0<\/div><\/div><\/div>\n[\/vc_column][vc_column width=&#8221;1\/2&#8243;]<div class=\"icon_box icon_position_top no_border\"><div class=\"icon_wrapper\"><div class=\"icon\"><i class=\"icon-lamp\" aria-hidden=\"true\"><\/i><\/div><\/div><div class=\"desc_wrapper\"><div class=\"desc\"><b>Ilustra\u021bii de:<b> Cleonique Hilsaca<br \/>\n<b>Traducere din limba englez\u0103:<\/b> George Chiri\u021b\u0103<br \/>\n<b>Coordonare editorial\u0103:<\/b> Doru Some\u0219an<br \/>\n<b>Proiect \u00eengrijit de:<\/b> Raluca Bogdan<br \/>\n<b>Lectura de specialitate:<\/b> Tiberiu Bratu<br \/>\n<b>Corectur\u0103:<\/b> Rodica Cre\u021bu<br \/>\n<b>DTP:<\/b> R\u0103zvan Nasea<br \/>\n<b>Copert\u0103:<\/b> Ioana Tru\u0219c\u0103<\/div><\/div><\/div>\n[\/vc_column][\/vc_row][vc_row][vc_column][vc_column_text]\u201eCum s\u0103 tr\u0103ie\u0219ti o via\u021ba \u00eemplinit\u0103 cu autism este cartea perfect\u0103 pentru p\u0103rin\u021bii care caut\u0103 moduri de a se conecta cu copiii lor. Unul dintre numeroasele talente ale lui Katie este capacitatea ei de a face strategiile ABA eficiente pentru copiii cu autism u\u0219or de \u00een\u021beles at\u00e2t pentru p\u0103rin\u021bi, c\u00e2t \u0219i pentru personalul din linia \u00eent\u00e2i. Activit\u0103\u021bile din aceast\u0103 carte sunt explicate clar, distractive pentru copii \u0219i, cel mai important, bazate pe practici despre care s-a dovedit c\u0103 func\u021bioneaz\u0103 \u0219i bazate pe dovezi derivate din principiile \u0219tiin\u021bifice al analizei comportamentale aplicate. Am recomandat cartea at\u00e2t p\u0103rin\u021bilor pe care \u00eei consiliez, c\u00e2t \u0219i personalului pe care \u00eel formez, pentru a le extinde abilitatea de a oferi un mediu educa\u021bional de succes, unul vesel \u0219i distractiv pentru \u00eenv\u0103\u021b\u0103cei.\u201d<\/b><\/b><\/p>\n<p><b><span data-contrast=\"none\">Lily Shih, analist comportamental certificat \u0219i CEO al companiei Shih Applied Behavior Analysis\u00a0<\/span><\/b><span data-ccp-props=\"{&quot;201341983&quot;:0,&quot;335551550&quot;:6,&quot;335551620&quot;:6,&quot;335559739&quot;:160,&quot;335559740&quot;:259}\">\u00a0<\/span><\/p>\n<p><span data-contrast=\"none\">\u201eC\u00e2nd copilul meu a fost diagnosticat cu autism \u00eenalt func\u021bional, m-am sim\u021bit pierdut\u0103! A fost deosebit de interesant \u0219i util s\u0103 am ocazia ca p\u0103rinte s\u0103 colaborez cu Katie Cook \u00een calitate de analist comportamental certificat \u0219i, acum, dup\u0103 ce a scris Cum s\u0103 tr\u0103ie\u0219ti o via\u021ba \u00eemplinit\u0103 cu autism, \u00een calitatea mea de profesoar\u0103 pentru copii cu nevoi speciale, \u00eemi ofer\u0103 ocazia s\u0103 \u00eemp\u0103rt\u0103\u0219esc aceast\u0103 carte cu p\u0103rin\u021bii care se pot sim\u021bi \u0219i ei pierdu\u021bi c\u00e2nd trebuie s\u0103 interac\u021bioneze cu copiii lor.\u00a0<\/span><span data-ccp-props=\"{&quot;201341983&quot;:0,&quot;335551550&quot;:6,&quot;335551620&quot;:6,&quot;335559739&quot;:160,&quot;335559740&quot;:259}\">\u00a0<\/span><\/p>\n<p><b><span data-contrast=\"none\">Maria Rodriguez, specialist \u00een educa\u021bie \u0219i creatoarea Parenting and Autism &#8211; The Journe<\/span><\/b><span data-ccp-props=\"{&quot;201341983&quot;:0,&quot;335551550&quot;:6,&quot;335551620&quot;:6,&quot;335559739&quot;:160,&quot;335559740&quot;:259}\">\u00a0<\/span>[\/vc_column_text][\/vc_column][vc_column width=&#8221;1\/3&#8243;][vc_single_image image=&#8221;212&#8243; img_size=&#8221;large&#8221;][\/vc_column][vc_column width=&#8221;2\/3&#8243;][vc_empty_space height=&#8221;20px&#8221;][vc_column_text]<\/p>\n<h3>Despre colec\u021bie<\/h3>\n<p><strong>AHA BOOKS<\/strong>\u00a0este un proiect editorial care are drept obiectiv\u00a0sporirea gradului de con\u0219tientizare asupra tulbur\u0103rii din spectrul\u00a0autist. Cu trei direc\u021bii editoriale, AHAkids, AHAtruestory \u0219i AHAlearn,\u00a0proiectul va oferi cititorului interesat o imagine complet\u0103 asupra\u00a0modului de manifestare a unor min\u021bi diferite \u0219i diverse.\u00a0<strong>Un demers editorial, care \u00eenainte de toate, \u00ee\u0219i propune s\u0103 fac\u0103 bine.<\/strong>[\/vc_column_text][\/vc_column][\/vc_row]<\/p>\n","protected":false},"excerpt":{"rendered":"<p><strong>90 de activit\u0103\u021bi &#8211; Katie Cook<\/strong><\/p>\n<p>Katie Cook, specialist \u00een educa\u021bie special\u0103 \u0219i analist comportamental certificat, ne aduce un instrument extrem de valoros pentru p\u0103rin\u021bi, educatori \u0219i speciali\u0219ti deopotriv\u0103. Manualul cu 90 de activit\u0103\u021bi numai bune de pus imediat \u00een practic\u0103 este recomandat de speciali\u0219tii Help Autism ca un must-have pentru orice membru al echipei copilului cu autism. Exerci\u021biile \u0219i activit\u0103\u021bile propuse de Katie Cook respect\u0103 principiile terapeutice, sunt argumentate \u0219tiin\u021bific \u0219i ancorate \u00een practica de peste 10 ani a autoarei.<\/p>\n<p><strong>Ce con\u021bine cartea:<\/strong><\/p>\n<p><em>Cum s\u0103 tr\u0103ie\u0219ti o via\u021ba \u00eemplinit\u0103 cu autism<\/em> ofer\u0103 un set de instrumente u\u0219oare \u0219i eficiente pentru suplimentarea \u0219i sprijinirea activit\u0103\u021bilor de dezvoltare pe care p\u0103rin\u021bii \u0219i \u00eengrijitorii le fac cu copiii lor. Aceste solu\u021bii sunt concepute pentru copiii cu autism, cu v\u00e2rste \u00eentre 1 \u0219i 11 ani. Beneficiile pot dura toat\u0103 via\u021ba.<\/p>\n<p><strong>Cum s\u0103 tr\u0103ie\u0219ti o via\u021ba \u00eemplinit\u0103 cu autism<\/strong> include:<\/p>\n<p>&#8211; Activit\u0103\u021bi practice \u2013 face\u021bi \u00eenv\u0103\u021barea distractiv\u0103 cu lec\u021bii ce pot ajuta copiii din \u00eentregul spectru autist<br \/>\n&#8211; Strategii simple \u2013 aborda\u021bi aceste activit\u0103\u021bi u\u0219oare, bazate pe cercet\u0103ri, una c\u00e2te una, acas\u0103.<br \/>\n&#8211; Interactiv \u0219i practic \u2013 g\u0103si\u021bi sfaturi \u0219i sugestii utile, precum \u0219i ilustra\u021bii colorate care v\u0103 vor inspira at\u00e2t pe tine, c\u00e2t \u0219i pe copilul t\u0103u.<\/p>\n","protected":false},"featured_media":1309,"comment_status":"open","ping_status":"closed","template":"","meta":{"content-type":""},"product_brand":[],"product_cat":[19],"product_tag":[34,35],"class_list":{"0":"post-1308","1":"product","2":"type-product","3":"status-publish","4":"has-post-thumbnail","6":"product_cat-aha-books","7":"product_tag-autism","8":"product_tag-parenting","10":"first","11":"instock","12":"taxable","13":"shipping-taxable","14":"purchasable","15":"product-type-simple"},"yoast_head":"<!-- This site is optimized with the Yoast SEO plugin v27.1 - https:\/\/yoast.com\/product\/yoast-seo-wordpress\/ -->\n<title>Cum s\u0103 tr\u0103ie\u0219ti o via\u021b\u0103 \u00eemplinit\u0103 cu autism - AHAShop<\/title>\n<meta name=\"description\" content=\"Manualul de 90 de activit\u0103\u021bi care s\u0103 \u00eencurajeze comunicarea, interac\u021biunea \u0219i joaca copilului t\u0103u te va ajuta s\u0103 fii co-terapeutul copilului t\u0103u.\" \/>\n<meta name=\"robots\" content=\"index, follow, max-snippet:-1, max-image-preview:large, max-video-preview:-1\" \/>\n<link rel=\"canonical\" href=\"https:\/\/helpautism.ro\/shop\/produs\/cum-sa-traiesti-o-viata-implinita-cu-autism-90-de-activitati-katie-cook\/\" \/>\n<meta property=\"og:locale\" content=\"ro_RO\" \/>\n<meta property=\"og:type\" content=\"article\" \/>\n<meta property=\"og:title\" content=\"Cum s\u0103 tr\u0103ie\u0219ti o via\u021b\u0103 \u00eemplinit\u0103 cu autism - AHAShop\" \/>\n<meta property=\"og:description\" content=\"Manualul de 90 de activit\u0103\u021bi care s\u0103 \u00eencurajeze comunicarea, interac\u021biunea \u0219i joaca copilului t\u0103u te va ajuta s\u0103 fii co-terapeutul copilului t\u0103u.\" \/>\n<meta property=\"og:url\" content=\"https:\/\/helpautism.ro\/shop\/produs\/cum-sa-traiesti-o-viata-implinita-cu-autism-90-de-activitati-katie-cook\/\" \/>\n<meta property=\"og:site_name\" content=\"AHAShop\" \/>\n<meta property=\"article:modified_time\" content=\"2026-04-15T11:45:55+00:00\" \/>\n<meta property=\"og:image\" content=\"https:\/\/helpautism.ro\/shop\/wp-content\/uploads\/2021\/10\/AHABOOKS_Katie-Cook_CUM_SA_TRAIESTI_VIATA_IMPLINITA_AUTISM_CARTE_ACTIVITATI_PARINTI.png\" \/>\n\t<meta property=\"og:image:width\" content=\"2000\" \/>\n\t<meta property=\"og:image:height\" content=\"1334\" \/>\n\t<meta property=\"og:image:type\" content=\"image\/png\" \/>\n<meta name=\"twitter:card\" content=\"summary_large_image\" \/>\n<meta name=\"twitter:label1\" content=\"Timp estimat pentru citire\" \/>\n\t<meta name=\"twitter:data1\" content=\"3 minute\" \/>\n<script type=\"application\/ld+json\" class=\"yoast-schema-graph\">{\"@context\":\"https:\/\/schema.org\",\"@graph\":[{\"@type\":\"WebPage\",\"@id\":\"https:\/\/helpautism.ro\/shop\/produs\/cum-sa-traiesti-o-viata-implinita-cu-autism-90-de-activitati-katie-cook\/\",\"url\":\"https:\/\/helpautism.ro\/shop\/produs\/cum-sa-traiesti-o-viata-implinita-cu-autism-90-de-activitati-katie-cook\/\",\"name\":\"Cum s\u0103 tr\u0103ie\u0219ti o via\u021b\u0103 \u00eemplinit\u0103 cu autism - AHAShop\",\"isPartOf\":{\"@id\":\"https:\/\/helpautism.ro\/shop\/#website\"},\"primaryImageOfPage\":{\"@id\":\"https:\/\/helpautism.ro\/shop\/produs\/cum-sa-traiesti-o-viata-implinita-cu-autism-90-de-activitati-katie-cook\/#primaryimage\"},\"image\":{\"@id\":\"https:\/\/helpautism.ro\/shop\/produs\/cum-sa-traiesti-o-viata-implinita-cu-autism-90-de-activitati-katie-cook\/#primaryimage\"},\"thumbnailUrl\":\"https:\/\/helpautism.ro\/shop\/wp-content\/uploads\/2021\/10\/AHABOOKS_Katie-Cook_CUM_SA_TRAIESTI_VIATA_IMPLINITA_AUTISM_CARTE_ACTIVITATI_PARINTI.png\",\"datePublished\":\"2021-10-13T10:30:52+00:00\",\"dateModified\":\"2026-04-15T11:45:55+00:00\",\"description\":\"Manualul de 90 de activit\u0103\u021bi care s\u0103 \u00eencurajeze comunicarea, interac\u021biunea \u0219i joaca copilului t\u0103u te va ajuta s\u0103 fii co-terapeutul copilului t\u0103u.\",\"breadcrumb\":{\"@id\":\"https:\/\/helpautism.ro\/shop\/produs\/cum-sa-traiesti-o-viata-implinita-cu-autism-90-de-activitati-katie-cook\/#breadcrumb\"},\"inLanguage\":\"ro-RO\",\"potentialAction\":[{\"@type\":\"ReadAction\",\"target\":[\"https:\/\/helpautism.ro\/shop\/produs\/cum-sa-traiesti-o-viata-implinita-cu-autism-90-de-activitati-katie-cook\/\"]}]},{\"@type\":\"ImageObject\",\"inLanguage\":\"ro-RO\",\"@id\":\"https:\/\/helpautism.ro\/shop\/produs\/cum-sa-traiesti-o-viata-implinita-cu-autism-90-de-activitati-katie-cook\/#primaryimage\",\"url\":\"https:\/\/helpautism.ro\/shop\/wp-content\/uploads\/2021\/10\/AHABOOKS_Katie-Cook_CUM_SA_TRAIESTI_VIATA_IMPLINITA_AUTISM_CARTE_ACTIVITATI_PARINTI.png\",\"contentUrl\":\"https:\/\/helpautism.ro\/shop\/wp-content\/uploads\/2021\/10\/AHABOOKS_Katie-Cook_CUM_SA_TRAIESTI_VIATA_IMPLINITA_AUTISM_CARTE_ACTIVITATI_PARINTI.png\",\"width\":2000,\"height\":1334},{\"@type\":\"BreadcrumbList\",\"@id\":\"https:\/\/helpautism.ro\/shop\/produs\/cum-sa-traiesti-o-viata-implinita-cu-autism-90-de-activitati-katie-cook\/#breadcrumb\",\"itemListElement\":[{\"@type\":\"ListItem\",\"position\":1,\"name\":\"Prima pagin\u0103\",\"item\":\"https:\/\/helpautism.ro\/shop\/\"},{\"@type\":\"ListItem\",\"position\":2,\"name\":\"MAGAZIN\",\"item\":\"https:\/\/helpautism.ro\/shop\/magazin\/\"},{\"@type\":\"ListItem\",\"position\":3,\"name\":\"Cum s\u0103 tr\u0103ie\u0219ti o via\u021b\u0103 \u00eemplinit\u0103 cu autism\"}]},{\"@type\":\"WebSite\",\"@id\":\"https:\/\/helpautism.ro\/shop\/#website\",\"url\":\"https:\/\/helpautism.ro\/shop\/\",\"name\":\"AHAShop\",\"description\":\"Orice copil merita sansa la recuperare si orice parinte merita sprijin, fiindca niciunul dintre ei nu poarta vina existentei autismului in viata lor.\",\"publisher\":{\"@id\":\"https:\/\/helpautism.ro\/shop\/#organization\"},\"potentialAction\":[{\"@type\":\"SearchAction\",\"target\":{\"@type\":\"EntryPoint\",\"urlTemplate\":\"https:\/\/helpautism.ro\/shop\/?s={search_term_string}\"},\"query-input\":{\"@type\":\"PropertyValueSpecification\",\"valueRequired\":true,\"valueName\":\"search_term_string\"}}],\"inLanguage\":\"ro-RO\"},{\"@type\":\"Organization\",\"@id\":\"https:\/\/helpautism.ro\/shop\/#organization\",\"name\":\"AHAShop\",\"url\":\"https:\/\/helpautism.ro\/shop\/\",\"logo\":{\"@type\":\"ImageObject\",\"inLanguage\":\"ro-RO\",\"@id\":\"https:\/\/helpautism.ro\/shop\/#\/schema\/logo\/image\/\",\"url\":\"https:\/\/helpautism.ro\/shop\/wp-content\/uploads\/2020\/10\/cropped-AHA_BOOKS_AHA_black.png\",\"contentUrl\":\"https:\/\/helpautism.ro\/shop\/wp-content\/uploads\/2020\/10\/cropped-AHA_BOOKS_AHA_black.png\",\"width\":376,\"height\":329,\"caption\":\"AHAShop\"},\"image\":{\"@id\":\"https:\/\/helpautism.ro\/shop\/#\/schema\/logo\/image\/\"}}]}<\/script>\n<!-- \/ Yoast SEO plugin. -->","yoast_head_json":{"title":"Cum s\u0103 tr\u0103ie\u0219ti o via\u021b\u0103 \u00eemplinit\u0103 cu autism - AHAShop","description":"Manualul de 90 de activit\u0103\u021bi care s\u0103 \u00eencurajeze comunicarea, interac\u021biunea \u0219i joaca copilului t\u0103u te va ajuta s\u0103 fii co-terapeutul copilului t\u0103u.","robots":{"index":"index","follow":"follow","max-snippet":"max-snippet:-1","max-image-preview":"max-image-preview:large","max-video-preview":"max-video-preview:-1"},"canonical":"https:\/\/helpautism.ro\/shop\/produs\/cum-sa-traiesti-o-viata-implinita-cu-autism-90-de-activitati-katie-cook\/","og_locale":"ro_RO","og_type":"article","og_title":"Cum s\u0103 tr\u0103ie\u0219ti o via\u021b\u0103 \u00eemplinit\u0103 cu autism - AHAShop","og_description":"Manualul de 90 de activit\u0103\u021bi care s\u0103 \u00eencurajeze comunicarea, interac\u021biunea \u0219i joaca copilului t\u0103u te va ajuta s\u0103 fii co-terapeutul copilului t\u0103u.","og_url":"https:\/\/helpautism.ro\/shop\/produs\/cum-sa-traiesti-o-viata-implinita-cu-autism-90-de-activitati-katie-cook\/","og_site_name":"AHAShop","article_modified_time":"2026-04-15T11:45:55+00:00","og_image":[{"width":2000,"height":1334,"url":"https:\/\/helpautism.ro\/shop\/wp-content\/uploads\/2021\/10\/AHABOOKS_Katie-Cook_CUM_SA_TRAIESTI_VIATA_IMPLINITA_AUTISM_CARTE_ACTIVITATI_PARINTI.png","type":"image\/png"}],"twitter_card":"summary_large_image","twitter_misc":{"Timp estimat pentru citire":"3 minute"},"schema":{"@context":"https:\/\/schema.org","@graph":[{"@type":"WebPage","@id":"https:\/\/helpautism.ro\/shop\/produs\/cum-sa-traiesti-o-viata-implinita-cu-autism-90-de-activitati-katie-cook\/","url":"https:\/\/helpautism.ro\/shop\/produs\/cum-sa-traiesti-o-viata-implinita-cu-autism-90-de-activitati-katie-cook\/","name":"Cum s\u0103 tr\u0103ie\u0219ti o via\u021b\u0103 \u00eemplinit\u0103 cu autism - AHAShop","isPartOf":{"@id":"https:\/\/helpautism.ro\/shop\/#website"},"primaryImageOfPage":{"@id":"https:\/\/helpautism.ro\/shop\/produs\/cum-sa-traiesti-o-viata-implinita-cu-autism-90-de-activitati-katie-cook\/#primaryimage"},"image":{"@id":"https:\/\/helpautism.ro\/shop\/produs\/cum-sa-traiesti-o-viata-implinita-cu-autism-90-de-activitati-katie-cook\/#primaryimage"},"thumbnailUrl":"https:\/\/helpautism.ro\/shop\/wp-content\/uploads\/2021\/10\/AHABOOKS_Katie-Cook_CUM_SA_TRAIESTI_VIATA_IMPLINITA_AUTISM_CARTE_ACTIVITATI_PARINTI.png","datePublished":"2021-10-13T10:30:52+00:00","dateModified":"2026-04-15T11:45:55+00:00","description":"Manualul de 90 de activit\u0103\u021bi care s\u0103 \u00eencurajeze comunicarea, interac\u021biunea \u0219i joaca copilului t\u0103u te va ajuta s\u0103 fii co-terapeutul copilului t\u0103u.","breadcrumb":{"@id":"https:\/\/helpautism.ro\/shop\/produs\/cum-sa-traiesti-o-viata-implinita-cu-autism-90-de-activitati-katie-cook\/#breadcrumb"},"inLanguage":"ro-RO","potentialAction":[{"@type":"ReadAction","target":["https:\/\/helpautism.ro\/shop\/produs\/cum-sa-traiesti-o-viata-implinita-cu-autism-90-de-activitati-katie-cook\/"]}]},{"@type":"ImageObject","inLanguage":"ro-RO","@id":"https:\/\/helpautism.ro\/shop\/produs\/cum-sa-traiesti-o-viata-implinita-cu-autism-90-de-activitati-katie-cook\/#primaryimage","url":"https:\/\/helpautism.ro\/shop\/wp-content\/uploads\/2021\/10\/AHABOOKS_Katie-Cook_CUM_SA_TRAIESTI_VIATA_IMPLINITA_AUTISM_CARTE_ACTIVITATI_PARINTI.png","contentUrl":"https:\/\/helpautism.ro\/shop\/wp-content\/uploads\/2021\/10\/AHABOOKS_Katie-Cook_CUM_SA_TRAIESTI_VIATA_IMPLINITA_AUTISM_CARTE_ACTIVITATI_PARINTI.png","width":2000,"height":1334},{"@type":"BreadcrumbList","@id":"https:\/\/helpautism.ro\/shop\/produs\/cum-sa-traiesti-o-viata-implinita-cu-autism-90-de-activitati-katie-cook\/#breadcrumb","itemListElement":[{"@type":"ListItem","position":1,"name":"Prima pagin\u0103","item":"https:\/\/helpautism.ro\/shop\/"},{"@type":"ListItem","position":2,"name":"MAGAZIN","item":"https:\/\/helpautism.ro\/shop\/magazin\/"},{"@type":"ListItem","position":3,"name":"Cum s\u0103 tr\u0103ie\u0219ti o via\u021b\u0103 \u00eemplinit\u0103 cu autism"}]},{"@type":"WebSite","@id":"https:\/\/helpautism.ro\/shop\/#website","url":"https:\/\/helpautism.ro\/shop\/","name":"AHAShop","description":"Orice copil merita sansa la recuperare si orice parinte merita sprijin, fiindca niciunul dintre ei nu poarta vina existentei autismului in viata lor.","publisher":{"@id":"https:\/\/helpautism.ro\/shop\/#organization"},"potentialAction":[{"@type":"SearchAction","target":{"@type":"EntryPoint","urlTemplate":"https:\/\/helpautism.ro\/shop\/?s={search_term_string}"},"query-input":{"@type":"PropertyValueSpecification","valueRequired":true,"valueName":"search_term_string"}}],"inLanguage":"ro-RO"},{"@type":"Organization","@id":"https:\/\/helpautism.ro\/shop\/#organization","name":"AHAShop","url":"https:\/\/helpautism.ro\/shop\/","logo":{"@type":"ImageObject","inLanguage":"ro-RO","@id":"https:\/\/helpautism.ro\/shop\/#\/schema\/logo\/image\/","url":"https:\/\/helpautism.ro\/shop\/wp-content\/uploads\/2020\/10\/cropped-AHA_BOOKS_AHA_black.png","contentUrl":"https:\/\/helpautism.ro\/shop\/wp-content\/uploads\/2020\/10\/cropped-AHA_BOOKS_AHA_black.png","width":376,"height":329,"caption":"AHAShop"},"image":{"@id":"https:\/\/helpautism.ro\/shop\/#\/schema\/logo\/image\/"}}]}},"_links":{"self":[{"href":"https:\/\/helpautism.ro\/shop\/wp-json\/wp\/v2\/product\/1308","targetHints":{"allow":["GET"]}}],"collection":[{"href":"https:\/\/helpautism.ro\/shop\/wp-json\/wp\/v2\/product"}],"about":[{"href":"https:\/\/helpautism.ro\/shop\/wp-json\/wp\/v2\/types\/product"}],"replies":[{"embeddable":true,"href":"https:\/\/helpautism.ro\/shop\/wp-json\/wp\/v2\/comments?post=1308"}],"wp:featuredmedia":[{"embeddable":true,"href":"https:\/\/helpautism.ro\/shop\/wp-json\/wp\/v2\/media\/1309"}],"wp:attachment":[{"href":"https:\/\/helpautism.ro\/shop\/wp-json\/wp\/v2\/media?parent=1308"}],"wp:term":[{"taxonomy":"product_brand","embeddable":true,"href":"https:\/\/helpautism.ro\/shop\/wp-json\/wp\/v2\/product_brand?post=1308"},{"taxonomy":"product_cat","embeddable":true,"href":"https:\/\/helpautism.ro\/shop\/wp-json\/wp\/v2\/product_cat?post=1308"},{"taxonomy":"product_tag","embeddable":true,"href":"https:\/\/helpautism.ro\/shop\/wp-json\/wp\/v2\/product_tag?post=1308"}],"curies":[{"name":"wp","href":"https:\/\/api.w.org\/{rel}","templated":true}]}}