{"id":2128,"date":"2022-11-28T22:32:31","date_gmt":"2022-11-28T20:32:31","guid":{"rendered":"https:\/\/helpautism.ro\/shop\/?post_type=product&#038;p=2128"},"modified":"2026-03-26T21:03:45","modified_gmt":"2026-03-26T19:03:45","slug":"huptilup-o-poveste-megatare-cu-un-burete-de-mare-de-alexandra-rusu","status":"publish","type":"product","link":"https:\/\/helpautism.ro\/shop\/produs\/huptilup-o-poveste-megatare-cu-un-burete-de-mare-de-alexandra-rusu\/","title":{"rendered":"Huptilup"},"content":{"rendered":"<p>[vc_row][vc_column][vc_column_text]<\/p>\n<h3>Despre autori<\/h3>\n<p><b>Alexandra Rusu<\/b> este editoare \u0219i scriitoare.\u00a0A studiat literatura la Bucure\u0219ti, Facultatea\u00a0de Limbi \u0219i Literaturi Str\u0103ine, \u0219i la Berlin,\u00a0European College of Liberal Arts.\u00a0A coordonat mai multe colec\u021bii de fic\u021biune\u00a0str\u0103in\u0103, la diverse edituri din Rom\u00e2nia\u00a0(Humanitas, All, Vellant, Nemira). A publicat\u00a0\u00een <i>Evenimentul zilei, New York Times Book\u00a0<\/i><i>Review, Cosmopolitan, The Institute<\/i> \u0219i\u00a0\u00een antologia <i>De la Waters la Similea: Oameni\u00a0<\/i><i>cool scriu despre muzica lor (2013).<\/i><\/p>\n<p>\u00cen 2017 i-a ap\u0103rut <i>Cartea n\u0103soaselor<\/i>, un basm\u00a0pentru copii mari. Are un c\u00e2ine, doi motani \u0219i\u00a0dou\u0103 broa\u0219te \u021bestoase. Colaboreaz\u0103 mereu,\u00a0la ideile de c\u0103r\u021bi pentru copii, cu fiul ei, David\u00a0(10 ani). Deocamdat\u0103 face stand-up paddle,\u00a0dar viseaz\u0103 s\u0103 devin\u0103 surfer.<\/p>\n<h4>Despre ilustratoare<\/h4>\n<p><b>Ioana P\u00e2rvan<\/b> este \u00een prezent graphic designer\u00a0\u0219i ilustrator independent, dar cu o lung\u0103 \u0219i\u00a0vast\u0103 experien\u021b\u0103 ca art director \u00eentr-o agen\u021bie\u00a0de comunicare de succes, unde niciun\u00a0proiect nu sem\u0103na cu cel\u0103lalt. Cei 12 ani de\u00a0educa\u021bie \u00een art\u0103 au dat roade mult mai t\u00e2rziu,\u00a0c\u00e2nd ilustra\u021bia \u0219i-a c\u00e2\u0219tigat un loc important\u00a0\u00een comunicarea vizual\u0103. <i>Huptilup <\/i>este prima\u00a0carte ilustrat\u0103 de ea.<\/p>\n<p>\u00cei place nespus mirosul de tipar proasp\u0103t \u0219i\u00a0este pasionat\u0103 de meserie \u0219i detalii, de litere\u00a0\u0219i de acest colaj unic de oameni \u0219i \u00eent\u00e2mpl\u0103ri\u00a0care construiesc o via\u021b\u0103. Este mama unei fete\u00a0Incredibile, cu creier diferit, care nu \u00een\u021belege\u00a0rostul pe lume al \u00eenmul\u021birilor, dar d\u0103 c\u00e2te un\u00a0nume fiec\u0103rei frunze cu care se joac\u0103.[\/vc_column_text][vc_empty_space height=&#8221;20px&#8221;][\/vc_column][\/vc_row][vc_row][vc_column width=&#8221;1\/2&#8243;]<div class=\"icon_box icon_position_top no_border\"><div class=\"icon_wrapper\"><div class=\"icon\"><i class=\"icon-book\" aria-hidden=\"true\"><\/i><\/div><\/div><div class=\"desc_wrapper\"><div class=\"desc\"><b>40 pagini<\/b><br \/>\n<b>Paperback, l\u0103cuire selectiv\u0103<\/b><br \/>\n<b>22x 16,5 cm<\/b><br \/>\n<b>ISBN 9 786069 504277<\/b><\/div><\/div><\/div>\n[\/vc_column][vc_column width=&#8221;1\/2&#8243;]<div class=\"icon_box icon_position_top no_border\"><div class=\"icon_wrapper\"><div class=\"icon\"><i class=\"icon-lamp\" aria-hidden=\"true\"><\/i><\/div><\/div><div class=\"desc_wrapper\"><div class=\"desc\"><b>Coordonare editorial\u0103:<\/b> Doru Some\u0219an<br \/>\n<b>Proiect \u00eengrijit de:<\/b> Raluca Bogdan<br \/>\n<b>Corectur\u0103:<\/b> Maria Soare<br \/>\n<b>DTP:<\/b> Ioana P\u00e2rvan<br \/>\n<b>Copert\u0103:<\/b> Ioana P\u00e2rvan<\/div><\/div><\/div>\n[\/vc_column][\/vc_row][vc_row][vc_column][vc_column_text]\u201eCe carusel impresionant de imagini s\u0326i g\u00e2nduri despre diversitatea creierului! Un amestec de s\u0326tiint\u0326a\u0306, poveste, poezie s\u0326i magie care ne va ajuta cu sigurant\u0326a\u0306 pe noi, tot\u0326i cei care vom avea norocul sa\u0306 deschidem aceasta\u0306 carte, sa\u0306 apreciem s\u0326i sa\u0306 respecta\u0306m mint\u0326ile diverse.\u201c<\/p>\n<p><b>Ioana Chicet-Macoveiciuc, scriitoare <\/b><b>s\u0326<\/b><b>i blogger<\/b><\/p>\n<p>\u201eBuretele-de-mare nu are creier, nici un fel de sistem nervos, nici vreun alt organ, de altfel. Dar acum c\u00e2tva timp, savant\u0326ii au descoperit ca\u0306 are \u00een genele sale schit\u0326a pentru foarte multe dintre proteinele creierului nostru \u2013 s\u0326i al multor animale! Natura, harnica\u0306 s\u0326i neobosita\u0306, s-a folosit de piesele ra\u0306mase pe raft ca sa\u0306 ne construiasca\u0306. S\u0326i, cu aceleas\u0326i c\u00e2teva piese, a reus\u0326it sa\u0306 faca\u0306 un buchet urias\u0326 de fiint\u0326e s\u0326i cons\u0326tiint\u0326e! Cartea asta micut\u0326a\u0306, peste care, recunosc, am va\u0306rsat o lacrima\u0306 de uimire s\u0326i emot\u0326ie, \u00eei da\u0306 voce micului burete, sa\u0306 ne spuna\u0306 c\u00e2t de bine e ca\u0306 suntem diferit\u0326i, ca\u0306 nimeni nu e demn de dispret\u0326, ca\u0306 s\u0326i cel pe care \u00eel credeam cel mai umil s-ar putea sa\u0306 fie foarte important pentru \u00eentreaga lume.<\/p>\n<p><!--more--><\/p>\n<p>S\u0326i, din c\u00e2nd \u00een c\u00e2nd, micul buret\u0326el fa\u0306ra\u0306 creier, cu simplitate s\u0326i candoare, \u00ees\u0326i pune \u00eentreba\u0306ri dintre cele mai ad\u00e2nci din c\u00e2te exista\u0306. As\u0326 vrea ca oamenii mari, ca noi, sa\u0306 s\u0326i le puna\u0306 s\u0326i ei mai des. Ca\u0306la\u0306toria prin neurodiversitate a lui Huptilup e precum ca\u0306la\u0306toria pe care tot\u0326i trebuie sa\u0306 o facem, prin alt\u0326ii, ca sa\u0306 ne \u00eentoarcem la noi \u00eens\u0326ine s\u0326i la rostul pe care \u00eel tot ca\u0306uta\u0306m de at\u00e2ta vreme.\u201c<\/p>\n<p><b>Vlad Stroescu, medic psihiatru \u0219i scriitor<\/b>[\/vc_column_text][\/vc_column][vc_column width=&#8221;1\/3&#8243;][vc_single_image image=&#8221;212&#8243; img_size=&#8221;large&#8221;][\/vc_column][vc_column width=&#8221;2\/3&#8243;][vc_empty_space height=&#8221;20px&#8221;][vc_column_text]<\/p>\n<h3>Despre colec\u021bie<\/h3>\n<p><strong>AHA BOOKS<\/strong>\u00a0este un proiect editorial care are drept obiectiv\u00a0sporirea gradului de con\u0219tientizare asupra tulbur\u0103rii din spectrul\u00a0autist. Cu trei direc\u021bii editoriale, AHAkids, AHAtruestory \u0219i AHAlearn,\u00a0proiectul va oferi cititorului interesat o imagine complet\u0103 asupra\u00a0modului de manifestare a unor min\u021bi diferite \u0219i diverse.\u00a0<strong>Un demers editorial, care \u00eenainte de toate, \u00ee\u0219i propune s\u0103 fac\u0103 bine.<\/strong>[\/vc_column_text][\/vc_column][\/vc_row]<\/p>\n","protected":false},"excerpt":{"rendered":"<h4><strong>Huptilup &#8211; O poveste megatare cu un burete-de-mare<\/strong><\/h4>\n<h4>de Alexandra Rusu<br \/>\nCu ilustra\u021bii de Ioana P\u00e2rvan<\/h4>\n<p><b><span lang=\"ro\">O poveste emo\u021bionant\u0103 \u0219i plin\u0103 de umor despre neurodiversitate <\/span><\/b><b><span lang=\"ro\">\u0219i c\u00e2t de frumoase sunt creierele noastre, cu toate ciud\u0103\u021beniile lor.<\/span><\/b><\/p>\n<p><span lang=\"ro\">Huptilup e burete-de-mare. \u00cen ciuda numelui s\u0103u juc\u0103u\u0219, toat\u0103 ziua st\u0103 lipit de o st\u00e2nc\u0103 \u0219i i se pare c\u0103 nu face nimic spectaculos, c\u0103 e plictisitor \u0219i inutil. \u0218tiin\u021ba spune c\u0103 este singurul animal care nu are creier, \u0219i poate c\u0103 a\u0219a e. Dar Huptilup are un vis, la care se g\u00e2nde\u0219te \u00een fiecare zi, \u0219i a\u0219a \u00eencepe aventura lui \u00een lume. La cap\u0103tul ei, micul burete va \u0219ti multe despre creierele lipitoarei, al calamarului uria\u0219, al lui Einstein, al lui David, al Marthei, despre creierele copiilor de la \u0219coal\u0103 \u0219i poate chiar despre creierul t\u0103u. <\/span><\/p>\n<p><span lang=\"ro\">R\u0103m\u00e2ne s\u0103 afli tu dac\u0103 Huptilup \u00ee\u0219i va \u00eemplini visul! Tot ce putem spune e c\u0103-\u0219i va g\u0103si rostul, adic\u0103 va afla la ce e bun el, un burete-de-mare banal, \u0219i de ce unii \u00eel consider\u0103 fe-no-me-nal.\u00a0<\/span><\/p>\n<p>V\u00e2rst\u0103 recomandat\u0103:\u00a0<strong>7+<\/strong><\/p>\n","protected":false},"featured_media":2136,"comment_status":"open","ping_status":"closed","template":"","meta":{"content-type":""},"product_brand":[],"product_cat":[19],"product_tag":[],"class_list":{"0":"post-2128","1":"product","2":"type-product","3":"status-publish","4":"has-post-thumbnail","6":"product_cat-aha-books","8":"first","9":"instock","10":"taxable","11":"shipping-taxable","12":"purchasable","13":"product-type-simple"},"yoast_head":"<!-- This site is optimized with the Yoast SEO plugin v27.1 - https:\/\/yoast.com\/product\/yoast-seo-wordpress\/ -->\n<title>Huptilup - AHAShop<\/title>\n<meta name=\"description\" content=\"Povestea plin\u0103 de umor a unui burete-de-mare, singurul animal care nu are creier, \u0219i a c\u0103ut\u0103rii unui sens \u00een via\u021b\u0103 scris\u0103 de Alexandra Rusu \u0219i ilustrat\u0103 de Ioana P\u00e2rvan este prima carte pentru copii care \u00eei introduce \u00een diversitatea min\u021bilor lor. Scris\u0103 \u00een versuri \u0219i avizat\u0103 de lectori specializa\u021bi din partea comunit\u0103\u021bii (p\u0103rin\u021bi de copii neurodiver\u0219i \u0219i psihologi), cartea este un instrument extraordinar de simplu de folosit pentru a deschide discu\u021bia despre diversitate la clase primare sau acas\u0103, \u00een lectur\u0103 intim\u0103 a familiei.\" \/>\n<meta name=\"robots\" content=\"index, follow, max-snippet:-1, max-image-preview:large, max-video-preview:-1\" \/>\n<link rel=\"canonical\" href=\"https:\/\/helpautism.ro\/shop\/produs\/huptilup-o-poveste-megatare-cu-un-burete-de-mare-de-alexandra-rusu\/\" \/>\n<meta property=\"og:locale\" content=\"ro_RO\" \/>\n<meta property=\"og:type\" content=\"article\" \/>\n<meta property=\"og:title\" content=\"Huptilup - AHAShop\" \/>\n<meta property=\"og:description\" content=\"Povestea plin\u0103 de umor a unui burete-de-mare, singurul animal care nu are creier, \u0219i a c\u0103ut\u0103rii unui sens \u00een via\u021b\u0103 scris\u0103 de Alexandra Rusu \u0219i ilustrat\u0103 de Ioana P\u00e2rvan este prima carte pentru copii care \u00eei introduce \u00een diversitatea min\u021bilor lor. Scris\u0103 \u00een versuri \u0219i avizat\u0103 de lectori specializa\u021bi din partea comunit\u0103\u021bii (p\u0103rin\u021bi de copii neurodiver\u0219i \u0219i psihologi), cartea este un instrument extraordinar de simplu de folosit pentru a deschide discu\u021bia despre diversitate la clase primare sau acas\u0103, \u00een lectur\u0103 intim\u0103 a familiei.\" \/>\n<meta property=\"og:url\" content=\"https:\/\/helpautism.ro\/shop\/produs\/huptilup-o-poveste-megatare-cu-un-burete-de-mare-de-alexandra-rusu\/\" \/>\n<meta property=\"og:site_name\" content=\"AHAShop\" \/>\n<meta property=\"article:modified_time\" content=\"2026-03-26T19:03:45+00:00\" \/>\n<meta property=\"og:image\" content=\"https:\/\/helpautism.ro\/shop\/wp-content\/uploads\/2022\/11\/HelpAutism_Huptilup_Alexandra-rusu_AHA-Books-1024x683.png\" \/>\n\t<meta property=\"og:image:width\" content=\"1024\" \/>\n\t<meta property=\"og:image:height\" content=\"683\" \/>\n\t<meta property=\"og:image:type\" content=\"image\/png\" \/>\n<meta name=\"twitter:card\" content=\"summary_large_image\" \/>\n<meta name=\"twitter:label1\" content=\"Timp estimat pentru citire\" \/>\n\t<meta name=\"twitter:data1\" content=\"4 minute\" \/>\n<script type=\"application\/ld+json\" class=\"yoast-schema-graph\">{\"@context\":\"https:\/\/schema.org\",\"@graph\":[{\"@type\":\"WebPage\",\"@id\":\"https:\/\/helpautism.ro\/shop\/produs\/huptilup-o-poveste-megatare-cu-un-burete-de-mare-de-alexandra-rusu\/\",\"url\":\"https:\/\/helpautism.ro\/shop\/produs\/huptilup-o-poveste-megatare-cu-un-burete-de-mare-de-alexandra-rusu\/\",\"name\":\"Huptilup - AHAShop\",\"isPartOf\":{\"@id\":\"https:\/\/helpautism.ro\/shop\/#website\"},\"primaryImageOfPage\":{\"@id\":\"https:\/\/helpautism.ro\/shop\/produs\/huptilup-o-poveste-megatare-cu-un-burete-de-mare-de-alexandra-rusu\/#primaryimage\"},\"image\":{\"@id\":\"https:\/\/helpautism.ro\/shop\/produs\/huptilup-o-poveste-megatare-cu-un-burete-de-mare-de-alexandra-rusu\/#primaryimage\"},\"thumbnailUrl\":\"https:\/\/helpautism.ro\/shop\/wp-content\/uploads\/2022\/11\/HelpAutism_Huptilup_Alexandra-rusu_AHA-Books.png\",\"datePublished\":\"2022-11-28T20:32:31+00:00\",\"dateModified\":\"2026-03-26T19:03:45+00:00\",\"description\":\"Povestea plin\u0103 de umor a unui burete-de-mare, singurul animal care nu are creier, \u0219i a c\u0103ut\u0103rii unui sens \u00een via\u021b\u0103 scris\u0103 de Alexandra Rusu \u0219i ilustrat\u0103 de Ioana P\u00e2rvan este prima carte pentru copii care \u00eei introduce \u00een diversitatea min\u021bilor lor. Scris\u0103 \u00een versuri \u0219i avizat\u0103 de lectori specializa\u021bi din partea comunit\u0103\u021bii (p\u0103rin\u021bi de copii neurodiver\u0219i \u0219i psihologi), cartea este un instrument extraordinar de simplu de folosit pentru a deschide discu\u021bia despre diversitate la clase primare sau acas\u0103, \u00een lectur\u0103 intim\u0103 a familiei.\",\"breadcrumb\":{\"@id\":\"https:\/\/helpautism.ro\/shop\/produs\/huptilup-o-poveste-megatare-cu-un-burete-de-mare-de-alexandra-rusu\/#breadcrumb\"},\"inLanguage\":\"ro-RO\",\"potentialAction\":[{\"@type\":\"ReadAction\",\"target\":[\"https:\/\/helpautism.ro\/shop\/produs\/huptilup-o-poveste-megatare-cu-un-burete-de-mare-de-alexandra-rusu\/\"]}]},{\"@type\":\"ImageObject\",\"inLanguage\":\"ro-RO\",\"@id\":\"https:\/\/helpautism.ro\/shop\/produs\/huptilup-o-poveste-megatare-cu-un-burete-de-mare-de-alexandra-rusu\/#primaryimage\",\"url\":\"https:\/\/helpautism.ro\/shop\/wp-content\/uploads\/2022\/11\/HelpAutism_Huptilup_Alexandra-rusu_AHA-Books.png\",\"contentUrl\":\"https:\/\/helpautism.ro\/shop\/wp-content\/uploads\/2022\/11\/HelpAutism_Huptilup_Alexandra-rusu_AHA-Books.png\",\"width\":4000,\"height\":2667},{\"@type\":\"BreadcrumbList\",\"@id\":\"https:\/\/helpautism.ro\/shop\/produs\/huptilup-o-poveste-megatare-cu-un-burete-de-mare-de-alexandra-rusu\/#breadcrumb\",\"itemListElement\":[{\"@type\":\"ListItem\",\"position\":1,\"name\":\"Prima pagin\u0103\",\"item\":\"https:\/\/helpautism.ro\/shop\/\"},{\"@type\":\"ListItem\",\"position\":2,\"name\":\"MAGAZIN\",\"item\":\"https:\/\/helpautism.ro\/shop\/magazin\/\"},{\"@type\":\"ListItem\",\"position\":3,\"name\":\"Huptilup\"}]},{\"@type\":\"WebSite\",\"@id\":\"https:\/\/helpautism.ro\/shop\/#website\",\"url\":\"https:\/\/helpautism.ro\/shop\/\",\"name\":\"AHAShop\",\"description\":\"Orice copil merita sansa la recuperare si orice parinte merita sprijin, fiindca niciunul dintre ei nu poarta vina existentei autismului in viata lor.\",\"publisher\":{\"@id\":\"https:\/\/helpautism.ro\/shop\/#organization\"},\"potentialAction\":[{\"@type\":\"SearchAction\",\"target\":{\"@type\":\"EntryPoint\",\"urlTemplate\":\"https:\/\/helpautism.ro\/shop\/?s={search_term_string}\"},\"query-input\":{\"@type\":\"PropertyValueSpecification\",\"valueRequired\":true,\"valueName\":\"search_term_string\"}}],\"inLanguage\":\"ro-RO\"},{\"@type\":\"Organization\",\"@id\":\"https:\/\/helpautism.ro\/shop\/#organization\",\"name\":\"AHAShop\",\"url\":\"https:\/\/helpautism.ro\/shop\/\",\"logo\":{\"@type\":\"ImageObject\",\"inLanguage\":\"ro-RO\",\"@id\":\"https:\/\/helpautism.ro\/shop\/#\/schema\/logo\/image\/\",\"url\":\"https:\/\/helpautism.ro\/shop\/wp-content\/uploads\/2020\/10\/cropped-AHA_BOOKS_AHA_black.png\",\"contentUrl\":\"https:\/\/helpautism.ro\/shop\/wp-content\/uploads\/2020\/10\/cropped-AHA_BOOKS_AHA_black.png\",\"width\":376,\"height\":329,\"caption\":\"AHAShop\"},\"image\":{\"@id\":\"https:\/\/helpautism.ro\/shop\/#\/schema\/logo\/image\/\"}}]}<\/script>\n<!-- \/ Yoast SEO plugin. -->","yoast_head_json":{"title":"Huptilup - AHAShop","description":"Povestea plin\u0103 de umor a unui burete-de-mare, singurul animal care nu are creier, \u0219i a c\u0103ut\u0103rii unui sens \u00een via\u021b\u0103 scris\u0103 de Alexandra Rusu \u0219i ilustrat\u0103 de Ioana P\u00e2rvan este prima carte pentru copii care \u00eei introduce \u00een diversitatea min\u021bilor lor. Scris\u0103 \u00een versuri \u0219i avizat\u0103 de lectori specializa\u021bi din partea comunit\u0103\u021bii (p\u0103rin\u021bi de copii neurodiver\u0219i \u0219i psihologi), cartea este un instrument extraordinar de simplu de folosit pentru a deschide discu\u021bia despre diversitate la clase primare sau acas\u0103, \u00een lectur\u0103 intim\u0103 a familiei.","robots":{"index":"index","follow":"follow","max-snippet":"max-snippet:-1","max-image-preview":"max-image-preview:large","max-video-preview":"max-video-preview:-1"},"canonical":"https:\/\/helpautism.ro\/shop\/produs\/huptilup-o-poveste-megatare-cu-un-burete-de-mare-de-alexandra-rusu\/","og_locale":"ro_RO","og_type":"article","og_title":"Huptilup - AHAShop","og_description":"Povestea plin\u0103 de umor a unui burete-de-mare, singurul animal care nu are creier, \u0219i a c\u0103ut\u0103rii unui sens \u00een via\u021b\u0103 scris\u0103 de Alexandra Rusu \u0219i ilustrat\u0103 de Ioana P\u00e2rvan este prima carte pentru copii care \u00eei introduce \u00een diversitatea min\u021bilor lor. Scris\u0103 \u00een versuri \u0219i avizat\u0103 de lectori specializa\u021bi din partea comunit\u0103\u021bii (p\u0103rin\u021bi de copii neurodiver\u0219i \u0219i psihologi), cartea este un instrument extraordinar de simplu de folosit pentru a deschide discu\u021bia despre diversitate la clase primare sau acas\u0103, \u00een lectur\u0103 intim\u0103 a familiei.","og_url":"https:\/\/helpautism.ro\/shop\/produs\/huptilup-o-poveste-megatare-cu-un-burete-de-mare-de-alexandra-rusu\/","og_site_name":"AHAShop","article_modified_time":"2026-03-26T19:03:45+00:00","og_image":[{"width":1024,"height":683,"url":"https:\/\/helpautism.ro\/shop\/wp-content\/uploads\/2022\/11\/HelpAutism_Huptilup_Alexandra-rusu_AHA-Books-1024x683.png","type":"image\/png"}],"twitter_card":"summary_large_image","twitter_misc":{"Timp estimat pentru citire":"4 minute"},"schema":{"@context":"https:\/\/schema.org","@graph":[{"@type":"WebPage","@id":"https:\/\/helpautism.ro\/shop\/produs\/huptilup-o-poveste-megatare-cu-un-burete-de-mare-de-alexandra-rusu\/","url":"https:\/\/helpautism.ro\/shop\/produs\/huptilup-o-poveste-megatare-cu-un-burete-de-mare-de-alexandra-rusu\/","name":"Huptilup - AHAShop","isPartOf":{"@id":"https:\/\/helpautism.ro\/shop\/#website"},"primaryImageOfPage":{"@id":"https:\/\/helpautism.ro\/shop\/produs\/huptilup-o-poveste-megatare-cu-un-burete-de-mare-de-alexandra-rusu\/#primaryimage"},"image":{"@id":"https:\/\/helpautism.ro\/shop\/produs\/huptilup-o-poveste-megatare-cu-un-burete-de-mare-de-alexandra-rusu\/#primaryimage"},"thumbnailUrl":"https:\/\/helpautism.ro\/shop\/wp-content\/uploads\/2022\/11\/HelpAutism_Huptilup_Alexandra-rusu_AHA-Books.png","datePublished":"2022-11-28T20:32:31+00:00","dateModified":"2026-03-26T19:03:45+00:00","description":"Povestea plin\u0103 de umor a unui burete-de-mare, singurul animal care nu are creier, \u0219i a c\u0103ut\u0103rii unui sens \u00een via\u021b\u0103 scris\u0103 de Alexandra Rusu \u0219i ilustrat\u0103 de Ioana P\u00e2rvan este prima carte pentru copii care \u00eei introduce \u00een diversitatea min\u021bilor lor. Scris\u0103 \u00een versuri \u0219i avizat\u0103 de lectori specializa\u021bi din partea comunit\u0103\u021bii (p\u0103rin\u021bi de copii neurodiver\u0219i \u0219i psihologi), cartea este un instrument extraordinar de simplu de folosit pentru a deschide discu\u021bia despre diversitate la clase primare sau acas\u0103, \u00een lectur\u0103 intim\u0103 a familiei.","breadcrumb":{"@id":"https:\/\/helpautism.ro\/shop\/produs\/huptilup-o-poveste-megatare-cu-un-burete-de-mare-de-alexandra-rusu\/#breadcrumb"},"inLanguage":"ro-RO","potentialAction":[{"@type":"ReadAction","target":["https:\/\/helpautism.ro\/shop\/produs\/huptilup-o-poveste-megatare-cu-un-burete-de-mare-de-alexandra-rusu\/"]}]},{"@type":"ImageObject","inLanguage":"ro-RO","@id":"https:\/\/helpautism.ro\/shop\/produs\/huptilup-o-poveste-megatare-cu-un-burete-de-mare-de-alexandra-rusu\/#primaryimage","url":"https:\/\/helpautism.ro\/shop\/wp-content\/uploads\/2022\/11\/HelpAutism_Huptilup_Alexandra-rusu_AHA-Books.png","contentUrl":"https:\/\/helpautism.ro\/shop\/wp-content\/uploads\/2022\/11\/HelpAutism_Huptilup_Alexandra-rusu_AHA-Books.png","width":4000,"height":2667},{"@type":"BreadcrumbList","@id":"https:\/\/helpautism.ro\/shop\/produs\/huptilup-o-poveste-megatare-cu-un-burete-de-mare-de-alexandra-rusu\/#breadcrumb","itemListElement":[{"@type":"ListItem","position":1,"name":"Prima pagin\u0103","item":"https:\/\/helpautism.ro\/shop\/"},{"@type":"ListItem","position":2,"name":"MAGAZIN","item":"https:\/\/helpautism.ro\/shop\/magazin\/"},{"@type":"ListItem","position":3,"name":"Huptilup"}]},{"@type":"WebSite","@id":"https:\/\/helpautism.ro\/shop\/#website","url":"https:\/\/helpautism.ro\/shop\/","name":"AHAShop","description":"Orice copil merita sansa la recuperare si orice parinte merita sprijin, fiindca niciunul dintre ei nu poarta vina existentei autismului in viata lor.","publisher":{"@id":"https:\/\/helpautism.ro\/shop\/#organization"},"potentialAction":[{"@type":"SearchAction","target":{"@type":"EntryPoint","urlTemplate":"https:\/\/helpautism.ro\/shop\/?s={search_term_string}"},"query-input":{"@type":"PropertyValueSpecification","valueRequired":true,"valueName":"search_term_string"}}],"inLanguage":"ro-RO"},{"@type":"Organization","@id":"https:\/\/helpautism.ro\/shop\/#organization","name":"AHAShop","url":"https:\/\/helpautism.ro\/shop\/","logo":{"@type":"ImageObject","inLanguage":"ro-RO","@id":"https:\/\/helpautism.ro\/shop\/#\/schema\/logo\/image\/","url":"https:\/\/helpautism.ro\/shop\/wp-content\/uploads\/2020\/10\/cropped-AHA_BOOKS_AHA_black.png","contentUrl":"https:\/\/helpautism.ro\/shop\/wp-content\/uploads\/2020\/10\/cropped-AHA_BOOKS_AHA_black.png","width":376,"height":329,"caption":"AHAShop"},"image":{"@id":"https:\/\/helpautism.ro\/shop\/#\/schema\/logo\/image\/"}}]}},"_links":{"self":[{"href":"https:\/\/helpautism.ro\/shop\/wp-json\/wp\/v2\/product\/2128","targetHints":{"allow":["GET"]}}],"collection":[{"href":"https:\/\/helpautism.ro\/shop\/wp-json\/wp\/v2\/product"}],"about":[{"href":"https:\/\/helpautism.ro\/shop\/wp-json\/wp\/v2\/types\/product"}],"replies":[{"embeddable":true,"href":"https:\/\/helpautism.ro\/shop\/wp-json\/wp\/v2\/comments?post=2128"}],"wp:featuredmedia":[{"embeddable":true,"href":"https:\/\/helpautism.ro\/shop\/wp-json\/wp\/v2\/media\/2136"}],"wp:attachment":[{"href":"https:\/\/helpautism.ro\/shop\/wp-json\/wp\/v2\/media?parent=2128"}],"wp:term":[{"taxonomy":"product_brand","embeddable":true,"href":"https:\/\/helpautism.ro\/shop\/wp-json\/wp\/v2\/product_brand?post=2128"},{"taxonomy":"product_cat","embeddable":true,"href":"https:\/\/helpautism.ro\/shop\/wp-json\/wp\/v2\/product_cat?post=2128"},{"taxonomy":"product_tag","embeddable":true,"href":"https:\/\/helpautism.ro\/shop\/wp-json\/wp\/v2\/product_tag?post=2128"}],"curies":[{"name":"wp","href":"https:\/\/api.w.org\/{rel}","templated":true}]}}