{"id":3093,"date":"2025-01-21T09:37:37","date_gmt":"2025-01-21T07:37:37","guid":{"rendered":"https:\/\/helpautism.ro\/shop\/?post_type=product&#038;p=3093"},"modified":"2026-03-26T21:03:45","modified_gmt":"2026-03-26T19:03:45","slug":"atipic","status":"publish","type":"product","link":"https:\/\/helpautism.ro\/shop\/produs\/atipic\/","title":{"rendered":"Atipic"},"content":{"rendered":"<p>[vc_row][vc_column][vc_column_text]<\/p>\n<h3>Despre autor<\/h3>\n<p>Pete Wharmby este o persoan\u0103 cu autism, autor, speaker \u0219i militant. Diagnosticat cu autism la v\u00e2rsta de 34 de ani, Pete \u0219i-a dedicat \u00eentreaga via\u021ba de atunci \u00eencerc\u00e2nd s\u0103 \u00eembun\u0103t\u0103\u021beasc\u0103 pecep\u021bia public\u0103 despre autism. Este autorul c\u0103r\u021bilor <em>What I Want to Talk About <\/em>\u00a0(2022) \u0219i <em>Untypical <\/em>(2023), \u00een traducerea de fa\u021b\u0103, ambele despre modul \u00een care societatea noastr\u0103 se poate \u00eembun\u0103t\u0103\u021bi pentru ca persoanele cu autism s\u0103 duc\u0103 o via\u021b\u0103 mai bun\u0103.[\/vc_column_text][\/vc_column][\/vc_row][vc_row][vc_column width=&#8221;1\/2&#8243;]<div class=\"icon_box icon_position_top no_border\"><div class=\"icon_wrapper\"><div class=\"icon\"><i class=\"icon-book\" aria-hidden=\"true\"><\/i><\/div><\/div><div class=\"desc_wrapper\"><div class=\"desc\"><b>304 pagini<\/b><br \/>\n<b>Tip coperta\u0306:<\/b> Paperback<br \/>\n<b>ISBN:<\/b> 978-606-95315-0-1<br \/>\n<b>Format:<\/b> l: 13cm \/ H: 20cm<br \/>\n<b>Categorie:<\/b> Non Fiction<\/div><\/div><\/div>\n[\/vc_column][vc_column width=&#8221;1\/2&#8243;]<div class=\"icon_box icon_position_top no_border\"><div class=\"icon_wrapper\"><div class=\"icon\"><i class=\"icon-lamp\" aria-hidden=\"true\"><\/i><\/div><\/div><div class=\"desc_wrapper\"><div class=\"desc\"><b>Traducere din limba englez\u0103:<\/b> George Chiri\u021b\u0103<\/div><\/div><\/div>\n[\/vc_column][\/vc_row][vc_row][vc_column][vc_column_text]Se pare c\u0103 acceptarea \u0219i \u00een\u021belegerea corect\u0103 a \u200eautismului sunt la cel pu\u021bin un deceniu distan\u021b\u0103. P\u00e2n\u0103 \u200eatunci, suntem \u00eenconjura\u021bi de un num\u0103r uria\u0219 de \u200eprobleme: lipsa de asisten\u021b\u0103 medical\u0103 \u0219i social\u0103 pentru \u200ecopiii \u0219i adul\u021bii cu autism, o mie de mituri de care trebuie s\u0103 \u200ene ocup\u0103m \u0219i de care trebuie s\u0103 ne descotorosim, \u200emii de suflete bine inten\u021bionate a c\u0103ror \u00een\u021belegere a \u200eautismului este dep\u0103\u0219it\u0103 sau confuz\u0103. Mai avem mult p\u00e2n\u0103 acolo. Dar tu e\u0219ti aici. Ai luat \u200eaceast\u0103 carte, a\u0219a c\u0103 poate exist\u0103 o speran\u021b\u0103. Poate c\u0103 \u200eputem pune bazele unui \u00eenceput.<\/p>\n<p>&#8230;<\/p>\n<p>\u00cen aceast\u0103 carte, toate miturile, informa\u021biile pe jum\u0103tate n\u0103scocite \u0219i pe jum\u0103tate \u00een\u021belese, stereotipurile \u200e\u00eenvechite \u0219i \u0219ubrede vor fi puse \u00een contrast cu experien\u021ba real\u0103, tr\u0103it\u0103 \u200ede o persoan\u0103 cu autism. Experien\u021ba real\u0103 de a avea autism este \u200emult mai complicat\u0103 dec\u00e2t aceste legende \u0219i mult mai \u200efascinant\u0103. Creierul nostru func\u021bioneaz\u0103 \u00een moduri care \u200epar a fi at\u00e2t de stranii popula\u021biei neurotipice.<\/p>\n<p><strong>Pete Wharmby<\/strong>[\/vc_column_text][\/vc_column][vc_column width=&#8221;1\/3&#8243;][vc_single_image image=&#8221;212&#8243; img_size=&#8221;large&#8221;][\/vc_column][vc_column width=&#8221;2\/3&#8243;][vc_empty_space height=&#8221;20px&#8221;][vc_column_text]<\/p>\n<h3>Despre colec\u021bie<\/h3>\n<p><strong>AHA BOOKS<\/strong>\u00a0este un proiect editorial care are drept obiectiv\u00a0sporirea gradului de con\u0219tientizare asupra tulbur\u0103rii din spectrul\u00a0autist. Cu trei direc\u021bii editoriale, AHAkids, AHAtruestory \u0219i AHAlearn,\u00a0proiectul va oferi cititorului interesat o imagine complet\u0103 asupra\u00a0modului de manifestare a unor min\u021bi diferite \u0219i diverse.\u00a0<strong>Un demers editorial, care \u00eenainte de toate, \u00ee\u0219i propune s\u0103 fac\u0103 bine.<\/strong>[\/vc_column_text][\/vc_column][\/vc_row]<\/p>\n","protected":false},"excerpt":{"rendered":"<p>De ce lumea nu este construit\u0103 pentru oameni cu autism \u0219i ce ar trebui s\u0103 facem \u00een aceast\u0103 privin\u021b\u0103.<\/p>\n<p><strong>Pete Wharmby<\/strong><\/p>\n","protected":false},"featured_media":3094,"comment_status":"open","ping_status":"closed","template":"","meta":{"content-type":""},"product_brand":[],"product_cat":[19],"product_tag":[],"class_list":{"0":"post-3093","1":"product","2":"type-product","3":"status-publish","4":"has-post-thumbnail","6":"product_cat-aha-books","8":"first","9":"instock","10":"taxable","11":"shipping-taxable","12":"purchasable","13":"product-type-simple"},"yoast_head":"<!-- This site is optimized with the Yoast SEO plugin v27.1 - https:\/\/yoast.com\/product\/yoast-seo-wordpress\/ -->\n<title>Atipic - AHAShop<\/title>\n<meta name=\"robots\" content=\"index, follow, max-snippet:-1, max-image-preview:large, max-video-preview:-1\" \/>\n<link rel=\"canonical\" href=\"https:\/\/helpautism.ro\/shop\/produs\/atipic\/\" \/>\n<meta property=\"og:locale\" content=\"ro_RO\" \/>\n<meta property=\"og:type\" content=\"article\" \/>\n<meta property=\"og:title\" content=\"Atipic - AHAShop\" \/>\n<meta property=\"og:description\" content=\"De ce lumea nu este construit\u0103 pentru oameni cu autism \u0219i ce ar trebui s\u0103 facem \u00een aceast\u0103 privin\u021b\u0103.  Pete Wharmby\" \/>\n<meta property=\"og:url\" content=\"https:\/\/helpautism.ro\/shop\/produs\/atipic\/\" \/>\n<meta property=\"og:site_name\" content=\"AHAShop\" \/>\n<meta property=\"article:modified_time\" content=\"2026-03-26T19:03:45+00:00\" \/>\n<meta property=\"og:image\" content=\"https:\/\/helpautism.ro\/shop\/wp-content\/uploads\/2025\/01\/Atipic_cover.jpg\" \/>\n\t<meta property=\"og:image:width\" content=\"1519\" \/>\n\t<meta property=\"og:image:height\" content=\"2480\" \/>\n\t<meta property=\"og:image:type\" content=\"image\/jpeg\" \/>\n<meta name=\"twitter:card\" content=\"summary_large_image\" \/>\n<meta name=\"twitter:label1\" content=\"Timp estimat pentru citire\" \/>\n\t<meta name=\"twitter:data1\" content=\"2 minute\" \/>\n<script type=\"application\/ld+json\" class=\"yoast-schema-graph\">{\"@context\":\"https:\/\/schema.org\",\"@graph\":[{\"@type\":\"WebPage\",\"@id\":\"https:\/\/helpautism.ro\/shop\/produs\/atipic\/\",\"url\":\"https:\/\/helpautism.ro\/shop\/produs\/atipic\/\",\"name\":\"Atipic - AHAShop\",\"isPartOf\":{\"@id\":\"https:\/\/helpautism.ro\/shop\/#website\"},\"primaryImageOfPage\":{\"@id\":\"https:\/\/helpautism.ro\/shop\/produs\/atipic\/#primaryimage\"},\"image\":{\"@id\":\"https:\/\/helpautism.ro\/shop\/produs\/atipic\/#primaryimage\"},\"thumbnailUrl\":\"https:\/\/helpautism.ro\/shop\/wp-content\/uploads\/2025\/01\/Atipic_cover.jpg\",\"datePublished\":\"2025-01-21T07:37:37+00:00\",\"dateModified\":\"2026-03-26T19:03:45+00:00\",\"breadcrumb\":{\"@id\":\"https:\/\/helpautism.ro\/shop\/produs\/atipic\/#breadcrumb\"},\"inLanguage\":\"ro-RO\",\"potentialAction\":[{\"@type\":\"ReadAction\",\"target\":[\"https:\/\/helpautism.ro\/shop\/produs\/atipic\/\"]}]},{\"@type\":\"ImageObject\",\"inLanguage\":\"ro-RO\",\"@id\":\"https:\/\/helpautism.ro\/shop\/produs\/atipic\/#primaryimage\",\"url\":\"https:\/\/helpautism.ro\/shop\/wp-content\/uploads\/2025\/01\/Atipic_cover.jpg\",\"contentUrl\":\"https:\/\/helpautism.ro\/shop\/wp-content\/uploads\/2025\/01\/Atipic_cover.jpg\",\"width\":1519,\"height\":2480},{\"@type\":\"BreadcrumbList\",\"@id\":\"https:\/\/helpautism.ro\/shop\/produs\/atipic\/#breadcrumb\",\"itemListElement\":[{\"@type\":\"ListItem\",\"position\":1,\"name\":\"Prima pagin\u0103\",\"item\":\"https:\/\/helpautism.ro\/shop\/\"},{\"@type\":\"ListItem\",\"position\":2,\"name\":\"MAGAZIN\",\"item\":\"https:\/\/helpautism.ro\/shop\/magazin\/\"},{\"@type\":\"ListItem\",\"position\":3,\"name\":\"Atipic\"}]},{\"@type\":\"WebSite\",\"@id\":\"https:\/\/helpautism.ro\/shop\/#website\",\"url\":\"https:\/\/helpautism.ro\/shop\/\",\"name\":\"AHAShop\",\"description\":\"Orice copil merita sansa la recuperare si orice parinte merita sprijin, fiindca niciunul dintre ei nu poarta vina existentei autismului in viata lor.\",\"publisher\":{\"@id\":\"https:\/\/helpautism.ro\/shop\/#organization\"},\"potentialAction\":[{\"@type\":\"SearchAction\",\"target\":{\"@type\":\"EntryPoint\",\"urlTemplate\":\"https:\/\/helpautism.ro\/shop\/?s={search_term_string}\"},\"query-input\":{\"@type\":\"PropertyValueSpecification\",\"valueRequired\":true,\"valueName\":\"search_term_string\"}}],\"inLanguage\":\"ro-RO\"},{\"@type\":\"Organization\",\"@id\":\"https:\/\/helpautism.ro\/shop\/#organization\",\"name\":\"AHAShop\",\"url\":\"https:\/\/helpautism.ro\/shop\/\",\"logo\":{\"@type\":\"ImageObject\",\"inLanguage\":\"ro-RO\",\"@id\":\"https:\/\/helpautism.ro\/shop\/#\/schema\/logo\/image\/\",\"url\":\"https:\/\/helpautism.ro\/shop\/wp-content\/uploads\/2020\/10\/cropped-AHA_BOOKS_AHA_black.png\",\"contentUrl\":\"https:\/\/helpautism.ro\/shop\/wp-content\/uploads\/2020\/10\/cropped-AHA_BOOKS_AHA_black.png\",\"width\":376,\"height\":329,\"caption\":\"AHAShop\"},\"image\":{\"@id\":\"https:\/\/helpautism.ro\/shop\/#\/schema\/logo\/image\/\"}}]}<\/script>\n<!-- \/ Yoast SEO plugin. -->","yoast_head_json":{"title":"Atipic - AHAShop","robots":{"index":"index","follow":"follow","max-snippet":"max-snippet:-1","max-image-preview":"max-image-preview:large","max-video-preview":"max-video-preview:-1"},"canonical":"https:\/\/helpautism.ro\/shop\/produs\/atipic\/","og_locale":"ro_RO","og_type":"article","og_title":"Atipic - AHAShop","og_description":"De ce lumea nu este construit\u0103 pentru oameni cu autism \u0219i ce ar trebui s\u0103 facem \u00een aceast\u0103 privin\u021b\u0103.  Pete Wharmby","og_url":"https:\/\/helpautism.ro\/shop\/produs\/atipic\/","og_site_name":"AHAShop","article_modified_time":"2026-03-26T19:03:45+00:00","og_image":[{"width":1519,"height":2480,"url":"https:\/\/helpautism.ro\/shop\/wp-content\/uploads\/2025\/01\/Atipic_cover.jpg","type":"image\/jpeg"}],"twitter_card":"summary_large_image","twitter_misc":{"Timp estimat pentru citire":"2 minute"},"schema":{"@context":"https:\/\/schema.org","@graph":[{"@type":"WebPage","@id":"https:\/\/helpautism.ro\/shop\/produs\/atipic\/","url":"https:\/\/helpautism.ro\/shop\/produs\/atipic\/","name":"Atipic - AHAShop","isPartOf":{"@id":"https:\/\/helpautism.ro\/shop\/#website"},"primaryImageOfPage":{"@id":"https:\/\/helpautism.ro\/shop\/produs\/atipic\/#primaryimage"},"image":{"@id":"https:\/\/helpautism.ro\/shop\/produs\/atipic\/#primaryimage"},"thumbnailUrl":"https:\/\/helpautism.ro\/shop\/wp-content\/uploads\/2025\/01\/Atipic_cover.jpg","datePublished":"2025-01-21T07:37:37+00:00","dateModified":"2026-03-26T19:03:45+00:00","breadcrumb":{"@id":"https:\/\/helpautism.ro\/shop\/produs\/atipic\/#breadcrumb"},"inLanguage":"ro-RO","potentialAction":[{"@type":"ReadAction","target":["https:\/\/helpautism.ro\/shop\/produs\/atipic\/"]}]},{"@type":"ImageObject","inLanguage":"ro-RO","@id":"https:\/\/helpautism.ro\/shop\/produs\/atipic\/#primaryimage","url":"https:\/\/helpautism.ro\/shop\/wp-content\/uploads\/2025\/01\/Atipic_cover.jpg","contentUrl":"https:\/\/helpautism.ro\/shop\/wp-content\/uploads\/2025\/01\/Atipic_cover.jpg","width":1519,"height":2480},{"@type":"BreadcrumbList","@id":"https:\/\/helpautism.ro\/shop\/produs\/atipic\/#breadcrumb","itemListElement":[{"@type":"ListItem","position":1,"name":"Prima pagin\u0103","item":"https:\/\/helpautism.ro\/shop\/"},{"@type":"ListItem","position":2,"name":"MAGAZIN","item":"https:\/\/helpautism.ro\/shop\/magazin\/"},{"@type":"ListItem","position":3,"name":"Atipic"}]},{"@type":"WebSite","@id":"https:\/\/helpautism.ro\/shop\/#website","url":"https:\/\/helpautism.ro\/shop\/","name":"AHAShop","description":"Orice copil merita sansa la recuperare si orice parinte merita sprijin, fiindca niciunul dintre ei nu poarta vina existentei autismului in viata lor.","publisher":{"@id":"https:\/\/helpautism.ro\/shop\/#organization"},"potentialAction":[{"@type":"SearchAction","target":{"@type":"EntryPoint","urlTemplate":"https:\/\/helpautism.ro\/shop\/?s={search_term_string}"},"query-input":{"@type":"PropertyValueSpecification","valueRequired":true,"valueName":"search_term_string"}}],"inLanguage":"ro-RO"},{"@type":"Organization","@id":"https:\/\/helpautism.ro\/shop\/#organization","name":"AHAShop","url":"https:\/\/helpautism.ro\/shop\/","logo":{"@type":"ImageObject","inLanguage":"ro-RO","@id":"https:\/\/helpautism.ro\/shop\/#\/schema\/logo\/image\/","url":"https:\/\/helpautism.ro\/shop\/wp-content\/uploads\/2020\/10\/cropped-AHA_BOOKS_AHA_black.png","contentUrl":"https:\/\/helpautism.ro\/shop\/wp-content\/uploads\/2020\/10\/cropped-AHA_BOOKS_AHA_black.png","width":376,"height":329,"caption":"AHAShop"},"image":{"@id":"https:\/\/helpautism.ro\/shop\/#\/schema\/logo\/image\/"}}]}},"_links":{"self":[{"href":"https:\/\/helpautism.ro\/shop\/wp-json\/wp\/v2\/product\/3093","targetHints":{"allow":["GET"]}}],"collection":[{"href":"https:\/\/helpautism.ro\/shop\/wp-json\/wp\/v2\/product"}],"about":[{"href":"https:\/\/helpautism.ro\/shop\/wp-json\/wp\/v2\/types\/product"}],"replies":[{"embeddable":true,"href":"https:\/\/helpautism.ro\/shop\/wp-json\/wp\/v2\/comments?post=3093"}],"wp:featuredmedia":[{"embeddable":true,"href":"https:\/\/helpautism.ro\/shop\/wp-json\/wp\/v2\/media\/3094"}],"wp:attachment":[{"href":"https:\/\/helpautism.ro\/shop\/wp-json\/wp\/v2\/media?parent=3093"}],"wp:term":[{"taxonomy":"product_brand","embeddable":true,"href":"https:\/\/helpautism.ro\/shop\/wp-json\/wp\/v2\/product_brand?post=3093"},{"taxonomy":"product_cat","embeddable":true,"href":"https:\/\/helpautism.ro\/shop\/wp-json\/wp\/v2\/product_cat?post=3093"},{"taxonomy":"product_tag","embeddable":true,"href":"https:\/\/helpautism.ro\/shop\/wp-json\/wp\/v2\/product_tag?post=3093"}],"curies":[{"name":"wp","href":"https:\/\/api.w.org\/{rel}","templated":true}]}}