{"id":694,"date":"2020-12-24T11:16:59","date_gmt":"2020-12-24T09:16:59","guid":{"rendered":"https:\/\/helpautism.ro\/shop\/?post_type=product&#038;p=694"},"modified":"2026-04-19T22:33:33","modified_gmt":"2026-04-19T19:33:33","slug":"toate-dungile-mele","status":"publish","type":"product","link":"https:\/\/helpautism.ro\/shop\/produs\/toate-dungile-mele\/","title":{"rendered":"Toate dungile mele"},"content":{"rendered":"<p>[vc_row][vc_column width=&#8221;1\/2&#8243;][vc_column_text]<\/p>\n<h3>Despre autori<\/h3>\n<p><b>Shaina Rudolph<\/b> a format copii din mediul urban \u0219i din suburbii pred\u00e2nd<span class=\"Apple-converted-space\">\u00a0 <\/span>timp de 12 ani. Munca \u00een medii socio-economice diferite i-a dezvoltat capacitatea rar\u0103 de a dezvolta rela\u021bii apropiate cu elevi de toate v\u00e2rstele. Aceste rela\u021bii, la r\u00e2ndul lor, au \u00eenv\u0103\u021bat-o\u00a0importan\u021ba de a-\u021bi atinge poten\u021bialul.\u00a0Insufl\u0103 elevilor ei zilnic aceast\u0103 credin\u021b\u0103, \u00een timp ce lucreaz\u0103 ca specialist \u00een lectur\u0103 cu copii din zona Los Angeles-ului care au dificult\u0103\u021bi de citire.<\/p>\n<p><b>Danielle Royer<\/b> a avut de mic\u0103 o pasiune pentru predare \u0219i pentru lucrul cu copiii. Inspirat\u0103 de cei doi fra\u021bi mai mari ai ei, am\u00e2ndoi cu diferen\u021be de ritm de \u00eenv\u0103\u021bare, a sim\u021bit mereu c\u0103 este foarte important ca fiecare copil s\u0103 se simt\u0103 bine \u00een propria piele \u0219i<span class=\"Apple-converted-space\">\u00a0 <\/span>puternic.<span class=\"Apple-converted-space\">\u00a0 <\/span>De-a lungul carierei sale, a cultivat acest mesaj de<span class=\"Apple-converted-space\">\u00a0 <\/span>\u00eencurajare \u0219i motiva\u021bie pentru a putea s\u0103 r\u0103spund\u0103 nevoilor individuale ale elevilor ei, indiferent de dungile fiec\u0103ruia<span class=\"Apple-converted-space\">\u00a0<\/span><\/p>\n<h4>Despre ilustratoare<\/h4>\n<p><b>Jennifer Zivoin<\/b> a fost mereu \u00eendr\u0103gostit\u0103 de art\u0103 \u0219i de arta de a spune pove\u0219ti, a\u0219a c\u0103, s\u0103 devin\u0103 ilustratoare a fost drumul ei firesc&#8230; De-a lungul carierei sale, Jennifer a lucrat ca graphic designer \u0219i apoi ca director de crea\u021bie, \u00eenainte de a-\u0219i g\u0103si ni\u0219a artistic\u0103 \u00een ilustra\u021bia de carte pentru copii.<span class=\"Apple-converted-space\">\u00a0<\/span><\/p>\n<p>[\/vc_column_text][\/vc_column][vc_column width=&#8221;1\/2&#8243;][vc_empty_space height=&#8221;20px&#8221;][\/vc_column][\/vc_row][vc_row][vc_column width=&#8221;1\/2&#8243;]<div class=\"icon_box icon_position_top no_border\"><div class=\"icon_wrapper\"><div class=\"icon\"><i class=\"icon-book\" aria-hidden=\"true\"><\/i><\/div><\/div><div class=\"desc_wrapper\"><div class=\"desc\"><b>44 pagini<\/b><br \/>\n<b>Paperback, l\u0103cuire selectiv\u0103<\/b><br \/>\n<b>16,5 x 22 cm<\/b><br \/>\n<b>ISBN<\/b><\/div><\/div><\/div>\n[\/vc_column][vc_column width=&#8221;1\/2&#8243;]<div class=\"icon_box icon_position_top no_border\"><div class=\"icon_wrapper\"><div class=\"icon\"><i class=\"icon-lamp\" aria-hidden=\"true\"><\/i><\/div><\/div><div class=\"desc_wrapper\"><div class=\"desc\"><b>Traducere din limba englez\u0103:<\/b> Alina Purcaru<br \/>\n<b>Coordonare editorial\u0103:<\/b> Doru Some\u0219an<br \/>\n<b>Proiect \u00eengrijit de:<\/b> Raluca Bogdan<br \/>\n<b>Corectur\u0103:<\/b> Rodica Cre\u021bu<br \/>\n<b>DTP:<\/b> R\u0103zvan Nasea<br \/>\n<b>Copert\u0103:<\/b> Ioana Tru\u0219c\u0103<\/div><\/div><\/div>\n[\/vc_column][\/vc_row][vc_row][vc_column][vc_column_text],,Pentru cea mai mare parte a lumii, autismul e \u00eenc\u0103 un mister. Acest mister se destram\u0103 \u00een momentul \u00een care ne \u00eendr\u0103gostim de aceast\u0103 zebr\u0103 minunat\u0103, cu dungi colorate,<span class=\"Apple-converted-space\">\u00a0 <\/span>dintr-o poveste at\u00e2t de captivant\u0103, \u00eenc\u00e2t o vom p\u0103stra mereu \u00een minte.\u201d<\/p>\n<p><strong>Stan Lee,<span class=\"Apple-converted-space\">\u00a0<\/span><\/strong><strong>director onorific Marvel Comics, co-creator al Spider-Man, X-Men, Cei patru fantastici, Iron Man \u0219i Hulk<\/strong><\/p>\n<p>,,Shaina Rudolph \u0219i Danielle Royer au f\u0103cut o munc\u0103 fantastic\u0103, aduc\u00e2nd la lumin\u0103 unele dintre dificult\u0103\u021bile cu care se confrunt\u0103 un copil cu autism. \u00cen afar\u0103 de asta, au f\u0103cut ceva la fel de impresionant, ar\u0103t\u00e2nd \u00een detaliu c\u00e2t de speciali, unici, frumo\u0219i \u0219i grijulii sunt ace\u0219ti copii.\u201d<\/p>\n<p><strong>Russell Simmons, filantrop \u0219i fondator al Def Jam Recordings<\/strong><\/p>\n<p>,,<i>Toate dungile mele<\/i> este o carte minunat\u0103, care \u00eei va \u00eenc\u00e2nta pe copii \u0219i pe p\u0103rin\u021bi, \u00een egal\u0103 m\u0103sur\u0103. Distractiv\u0103, pl\u0103cut\u0103, o carte care face lumin\u0103. \u02ee<\/p>\n<p><strong>Bill Paxon, actor nominalizat la Premiile Emmy<span class=\"Apple-converted-space\">\u00a0<\/span><\/strong>[\/vc_column_text][\/vc_column][vc_column width=&#8221;1\/3&#8243;][vc_single_image image=&#8221;212&#8243; img_size=&#8221;large&#8221;][\/vc_column][vc_column width=&#8221;2\/3&#8243;][vc_empty_space height=&#8221;20px&#8221;][vc_column_text]<\/p>\n<h3>Despre colec\u021bie<\/h3>\n<p><strong>AHA BOOKS<\/strong>\u00a0este un proiect editorial care are drept obiectiv\u00a0sporirea gradului de con\u0219tientizare asupra tulbur\u0103rii din spectrul\u00a0autist. Cu trei direc\u021bii editoriale, AHAkids, AHAtruestory \u0219i AHAlearn,\u00a0proiectul va oferi cititorului interesat o imagine complet\u0103 asupra\u00a0modului de manifestare a unor min\u021bi diferite \u0219i diverse.\u00a0<strong>Un demers editorial, care \u00eenainte de toate, \u00ee\u0219i propune s\u0103 fac\u0103 bine.<\/strong>[\/vc_column_text][\/vc_column][\/vc_row]<\/p>\n","protected":false},"excerpt":{"rendered":"<p><strong>de Shaina Rudolph \u0219i Danielle Royer<\/strong><\/p>\n<p>Zebra Zane se simte diferit\u0103 de restul colegilor s\u0103i de clas\u0103. Este \u00eengrijorat de faptul c\u0103 to\u021bi vor observa la el doar ,,dungile autiste\u201d. Cu ajutorul mamei sale, Zane ajunge s\u0103 aprecieze toate dungile sale, aceste unice puteri care \u00eel fac s\u0103 fie cine este el!<\/p>\n","protected":false},"featured_media":703,"comment_status":"open","ping_status":"closed","template":"","meta":{"content-type":""},"product_brand":[],"product_cat":[19],"product_tag":[33],"class_list":{"0":"post-694","1":"product","2":"type-product","3":"status-publish","4":"has-post-thumbnail","6":"product_cat-aha-books","7":"product_tag-toatedungilemele-shainarudolph","9":"first","10":"instock","11":"taxable","12":"shipping-taxable","13":"purchasable","14":"product-type-simple"},"yoast_head":"<!-- This site is optimized with the Yoast SEO plugin v27.1 - https:\/\/yoast.com\/product\/yoast-seo-wordpress\/ -->\n<title>Toate dungile mele - AHAShop<\/title>\n<meta name=\"description\" content=\"Motivul pentru care sar.\u00a0Vocea interioar\u0103 a unui copil de 13 ani cu autism\u00a0este cartea scris\u0103 de Naoki Hagashida la\u00a0v\u00e2rsta de 13 ani, tradus\u0103 \u00een limba englez\u0103 \u00een anul 2013\u00a0\u0219i apoi \u00een alte 30 de limbi de circula\u021bie\u00a0interna\u021bional\u0103.\" \/>\n<meta name=\"robots\" content=\"index, follow, max-snippet:-1, max-image-preview:large, max-video-preview:-1\" \/>\n<link rel=\"canonical\" href=\"https:\/\/helpautism.ro\/shop\/produs\/toate-dungile-mele\/\" \/>\n<meta property=\"og:locale\" content=\"ro_RO\" \/>\n<meta property=\"og:type\" content=\"article\" \/>\n<meta property=\"og:title\" content=\"Toate dungile mele - AHAShop\" \/>\n<meta property=\"og:description\" content=\"Motivul pentru care sar.\u00a0Vocea interioar\u0103 a unui copil de 13 ani cu autism\u00a0este cartea scris\u0103 de Naoki Hagashida la\u00a0v\u00e2rsta de 13 ani, tradus\u0103 \u00een limba englez\u0103 \u00een anul 2013\u00a0\u0219i apoi \u00een alte 30 de limbi de circula\u021bie\u00a0interna\u021bional\u0103.\" \/>\n<meta property=\"og:url\" content=\"https:\/\/helpautism.ro\/shop\/produs\/toate-dungile-mele\/\" \/>\n<meta property=\"og:site_name\" content=\"AHAShop\" \/>\n<meta property=\"article:modified_time\" content=\"2026-04-19T19:33:33+00:00\" \/>\n<meta property=\"og:image\" content=\"https:\/\/helpautism.ro\/shop\/wp-content\/uploads\/2020\/12\/AHABooks_Toate-dungile-mele-1024x683.png\" \/>\n\t<meta property=\"og:image:width\" content=\"1024\" \/>\n\t<meta property=\"og:image:height\" content=\"683\" \/>\n\t<meta property=\"og:image:type\" content=\"image\/png\" \/>\n<meta name=\"twitter:card\" content=\"summary_large_image\" \/>\n<meta name=\"twitter:label1\" content=\"Timp estimat pentru citire\" \/>\n\t<meta name=\"twitter:data1\" content=\"3 minute\" \/>\n<script type=\"application\/ld+json\" class=\"yoast-schema-graph\">{\"@context\":\"https:\/\/schema.org\",\"@graph\":[{\"@type\":\"WebPage\",\"@id\":\"https:\/\/helpautism.ro\/shop\/produs\/toate-dungile-mele\/\",\"url\":\"https:\/\/helpautism.ro\/shop\/produs\/toate-dungile-mele\/\",\"name\":\"Toate dungile mele - AHAShop\",\"isPartOf\":{\"@id\":\"https:\/\/helpautism.ro\/shop\/#website\"},\"primaryImageOfPage\":{\"@id\":\"https:\/\/helpautism.ro\/shop\/produs\/toate-dungile-mele\/#primaryimage\"},\"image\":{\"@id\":\"https:\/\/helpautism.ro\/shop\/produs\/toate-dungile-mele\/#primaryimage\"},\"thumbnailUrl\":\"https:\/\/helpautism.ro\/shop\/wp-content\/uploads\/2020\/12\/AHABooks_Toate-dungile-mele.png\",\"datePublished\":\"2020-12-24T09:16:59+00:00\",\"dateModified\":\"2026-04-19T19:33:33+00:00\",\"description\":\"Motivul pentru care sar.\u00a0Vocea interioar\u0103 a unui copil de 13 ani cu autism\u00a0este cartea scris\u0103 de Naoki Hagashida la\u00a0v\u00e2rsta de 13 ani, tradus\u0103 \u00een limba englez\u0103 \u00een anul 2013\u00a0\u0219i apoi \u00een alte 30 de limbi de circula\u021bie\u00a0interna\u021bional\u0103.\",\"breadcrumb\":{\"@id\":\"https:\/\/helpautism.ro\/shop\/produs\/toate-dungile-mele\/#breadcrumb\"},\"inLanguage\":\"ro-RO\",\"potentialAction\":[{\"@type\":\"ReadAction\",\"target\":[\"https:\/\/helpautism.ro\/shop\/produs\/toate-dungile-mele\/\"]}]},{\"@type\":\"ImageObject\",\"inLanguage\":\"ro-RO\",\"@id\":\"https:\/\/helpautism.ro\/shop\/produs\/toate-dungile-mele\/#primaryimage\",\"url\":\"https:\/\/helpautism.ro\/shop\/wp-content\/uploads\/2020\/12\/AHABooks_Toate-dungile-mele.png\",\"contentUrl\":\"https:\/\/helpautism.ro\/shop\/wp-content\/uploads\/2020\/12\/AHABooks_Toate-dungile-mele.png\",\"width\":4000,\"height\":2667},{\"@type\":\"BreadcrumbList\",\"@id\":\"https:\/\/helpautism.ro\/shop\/produs\/toate-dungile-mele\/#breadcrumb\",\"itemListElement\":[{\"@type\":\"ListItem\",\"position\":1,\"name\":\"Prima pagin\u0103\",\"item\":\"https:\/\/helpautism.ro\/shop\/\"},{\"@type\":\"ListItem\",\"position\":2,\"name\":\"MAGAZIN\",\"item\":\"https:\/\/helpautism.ro\/shop\/magazin\/\"},{\"@type\":\"ListItem\",\"position\":3,\"name\":\"Toate dungile mele\"}]},{\"@type\":\"WebSite\",\"@id\":\"https:\/\/helpautism.ro\/shop\/#website\",\"url\":\"https:\/\/helpautism.ro\/shop\/\",\"name\":\"AHAShop\",\"description\":\"Orice copil merita sansa la recuperare si orice parinte merita sprijin, fiindca niciunul dintre ei nu poarta vina existentei autismului in viata lor.\",\"publisher\":{\"@id\":\"https:\/\/helpautism.ro\/shop\/#organization\"},\"potentialAction\":[{\"@type\":\"SearchAction\",\"target\":{\"@type\":\"EntryPoint\",\"urlTemplate\":\"https:\/\/helpautism.ro\/shop\/?s={search_term_string}\"},\"query-input\":{\"@type\":\"PropertyValueSpecification\",\"valueRequired\":true,\"valueName\":\"search_term_string\"}}],\"inLanguage\":\"ro-RO\"},{\"@type\":\"Organization\",\"@id\":\"https:\/\/helpautism.ro\/shop\/#organization\",\"name\":\"AHAShop\",\"url\":\"https:\/\/helpautism.ro\/shop\/\",\"logo\":{\"@type\":\"ImageObject\",\"inLanguage\":\"ro-RO\",\"@id\":\"https:\/\/helpautism.ro\/shop\/#\/schema\/logo\/image\/\",\"url\":\"https:\/\/helpautism.ro\/shop\/wp-content\/uploads\/2020\/10\/cropped-AHA_BOOKS_AHA_black.png\",\"contentUrl\":\"https:\/\/helpautism.ro\/shop\/wp-content\/uploads\/2020\/10\/cropped-AHA_BOOKS_AHA_black.png\",\"width\":376,\"height\":329,\"caption\":\"AHAShop\"},\"image\":{\"@id\":\"https:\/\/helpautism.ro\/shop\/#\/schema\/logo\/image\/\"}}]}<\/script>\n<!-- \/ Yoast SEO plugin. -->","yoast_head_json":{"title":"Toate dungile mele - AHAShop","description":"Motivul pentru care sar.\u00a0Vocea interioar\u0103 a unui copil de 13 ani cu autism\u00a0este cartea scris\u0103 de Naoki Hagashida la\u00a0v\u00e2rsta de 13 ani, tradus\u0103 \u00een limba englez\u0103 \u00een anul 2013\u00a0\u0219i apoi \u00een alte 30 de limbi de circula\u021bie\u00a0interna\u021bional\u0103.","robots":{"index":"index","follow":"follow","max-snippet":"max-snippet:-1","max-image-preview":"max-image-preview:large","max-video-preview":"max-video-preview:-1"},"canonical":"https:\/\/helpautism.ro\/shop\/produs\/toate-dungile-mele\/","og_locale":"ro_RO","og_type":"article","og_title":"Toate dungile mele - AHAShop","og_description":"Motivul pentru care sar.\u00a0Vocea interioar\u0103 a unui copil de 13 ani cu autism\u00a0este cartea scris\u0103 de Naoki Hagashida la\u00a0v\u00e2rsta de 13 ani, tradus\u0103 \u00een limba englez\u0103 \u00een anul 2013\u00a0\u0219i apoi \u00een alte 30 de limbi de circula\u021bie\u00a0interna\u021bional\u0103.","og_url":"https:\/\/helpautism.ro\/shop\/produs\/toate-dungile-mele\/","og_site_name":"AHAShop","article_modified_time":"2026-04-19T19:33:33+00:00","og_image":[{"width":1024,"height":683,"url":"https:\/\/helpautism.ro\/shop\/wp-content\/uploads\/2020\/12\/AHABooks_Toate-dungile-mele-1024x683.png","type":"image\/png"}],"twitter_card":"summary_large_image","twitter_misc":{"Timp estimat pentru citire":"3 minute"},"schema":{"@context":"https:\/\/schema.org","@graph":[{"@type":"WebPage","@id":"https:\/\/helpautism.ro\/shop\/produs\/toate-dungile-mele\/","url":"https:\/\/helpautism.ro\/shop\/produs\/toate-dungile-mele\/","name":"Toate dungile mele - AHAShop","isPartOf":{"@id":"https:\/\/helpautism.ro\/shop\/#website"},"primaryImageOfPage":{"@id":"https:\/\/helpautism.ro\/shop\/produs\/toate-dungile-mele\/#primaryimage"},"image":{"@id":"https:\/\/helpautism.ro\/shop\/produs\/toate-dungile-mele\/#primaryimage"},"thumbnailUrl":"https:\/\/helpautism.ro\/shop\/wp-content\/uploads\/2020\/12\/AHABooks_Toate-dungile-mele.png","datePublished":"2020-12-24T09:16:59+00:00","dateModified":"2026-04-19T19:33:33+00:00","description":"Motivul pentru care sar.\u00a0Vocea interioar\u0103 a unui copil de 13 ani cu autism\u00a0este cartea scris\u0103 de Naoki Hagashida la\u00a0v\u00e2rsta de 13 ani, tradus\u0103 \u00een limba englez\u0103 \u00een anul 2013\u00a0\u0219i apoi \u00een alte 30 de limbi de circula\u021bie\u00a0interna\u021bional\u0103.","breadcrumb":{"@id":"https:\/\/helpautism.ro\/shop\/produs\/toate-dungile-mele\/#breadcrumb"},"inLanguage":"ro-RO","potentialAction":[{"@type":"ReadAction","target":["https:\/\/helpautism.ro\/shop\/produs\/toate-dungile-mele\/"]}]},{"@type":"ImageObject","inLanguage":"ro-RO","@id":"https:\/\/helpautism.ro\/shop\/produs\/toate-dungile-mele\/#primaryimage","url":"https:\/\/helpautism.ro\/shop\/wp-content\/uploads\/2020\/12\/AHABooks_Toate-dungile-mele.png","contentUrl":"https:\/\/helpautism.ro\/shop\/wp-content\/uploads\/2020\/12\/AHABooks_Toate-dungile-mele.png","width":4000,"height":2667},{"@type":"BreadcrumbList","@id":"https:\/\/helpautism.ro\/shop\/produs\/toate-dungile-mele\/#breadcrumb","itemListElement":[{"@type":"ListItem","position":1,"name":"Prima pagin\u0103","item":"https:\/\/helpautism.ro\/shop\/"},{"@type":"ListItem","position":2,"name":"MAGAZIN","item":"https:\/\/helpautism.ro\/shop\/magazin\/"},{"@type":"ListItem","position":3,"name":"Toate dungile mele"}]},{"@type":"WebSite","@id":"https:\/\/helpautism.ro\/shop\/#website","url":"https:\/\/helpautism.ro\/shop\/","name":"AHAShop","description":"Orice copil merita sansa la recuperare si orice parinte merita sprijin, fiindca niciunul dintre ei nu poarta vina existentei autismului in viata lor.","publisher":{"@id":"https:\/\/helpautism.ro\/shop\/#organization"},"potentialAction":[{"@type":"SearchAction","target":{"@type":"EntryPoint","urlTemplate":"https:\/\/helpautism.ro\/shop\/?s={search_term_string}"},"query-input":{"@type":"PropertyValueSpecification","valueRequired":true,"valueName":"search_term_string"}}],"inLanguage":"ro-RO"},{"@type":"Organization","@id":"https:\/\/helpautism.ro\/shop\/#organization","name":"AHAShop","url":"https:\/\/helpautism.ro\/shop\/","logo":{"@type":"ImageObject","inLanguage":"ro-RO","@id":"https:\/\/helpautism.ro\/shop\/#\/schema\/logo\/image\/","url":"https:\/\/helpautism.ro\/shop\/wp-content\/uploads\/2020\/10\/cropped-AHA_BOOKS_AHA_black.png","contentUrl":"https:\/\/helpautism.ro\/shop\/wp-content\/uploads\/2020\/10\/cropped-AHA_BOOKS_AHA_black.png","width":376,"height":329,"caption":"AHAShop"},"image":{"@id":"https:\/\/helpautism.ro\/shop\/#\/schema\/logo\/image\/"}}]}},"_links":{"self":[{"href":"https:\/\/helpautism.ro\/shop\/wp-json\/wp\/v2\/product\/694","targetHints":{"allow":["GET"]}}],"collection":[{"href":"https:\/\/helpautism.ro\/shop\/wp-json\/wp\/v2\/product"}],"about":[{"href":"https:\/\/helpautism.ro\/shop\/wp-json\/wp\/v2\/types\/product"}],"replies":[{"embeddable":true,"href":"https:\/\/helpautism.ro\/shop\/wp-json\/wp\/v2\/comments?post=694"}],"wp:featuredmedia":[{"embeddable":true,"href":"https:\/\/helpautism.ro\/shop\/wp-json\/wp\/v2\/media\/703"}],"wp:attachment":[{"href":"https:\/\/helpautism.ro\/shop\/wp-json\/wp\/v2\/media?parent=694"}],"wp:term":[{"taxonomy":"product_brand","embeddable":true,"href":"https:\/\/helpautism.ro\/shop\/wp-json\/wp\/v2\/product_brand?post=694"},{"taxonomy":"product_cat","embeddable":true,"href":"https:\/\/helpautism.ro\/shop\/wp-json\/wp\/v2\/product_cat?post=694"},{"taxonomy":"product_tag","embeddable":true,"href":"https:\/\/helpautism.ro\/shop\/wp-json\/wp\/v2\/product_tag?post=694"}],"curies":[{"name":"wp","href":"https:\/\/api.w.org\/{rel}","templated":true}]}}